{"id":7977,"date":"2022-06-13T17:03:51","date_gmt":"2022-06-13T15:03:51","guid":{"rendered":"https:\/\/estatestudio.com\/legal-notice\/"},"modified":"2022-07-28T15:37:19","modified_gmt":"2022-07-28T13:37:19","slug":"legal-notice","status":"publish","type":"page","link":"https:\/\/estatestudio.com\/us\/legal-notice\/","title":{"rendered":"Legal Notice"},"content":{"rendered":"\t\t<div data-elementor-type=\"wp-page\" data-elementor-id=\"7977\" class=\"elementor elementor-7977 elementor-6596\" data-elementor-post-type=\"page\">\n\t\t\t\t\t\t<section class=\"elementor-section elementor-top-section elementor-element elementor-element-1117c6c elementor-section-boxed elementor-section-height-default elementor-section-height-default\" data-id=\"1117c6c\" data-element_type=\"section\" data-e-type=\"section\" data-settings=\"{&quot;background_background&quot;:&quot;classic&quot;,&quot;shape_divider_bottom&quot;:&quot;mountains&quot;}\">\n\t\t\t\t\t<div class=\"elementor-shape elementor-shape-bottom\" aria-hidden=\"true\" data-negative=\"false\">\n\t\t\t<svg xmlns=\"http:\/\/www.w3.org\/2000\/svg\" viewBox=\"0 0 1000 100\" preserveAspectRatio=\"none\">\n\t<path class=\"elementor-shape-fill\" opacity=\"0.33\" d=\"M473,67.3c-203.9,88.3-263.1-34-320.3,0C66,119.1,0,59.7,0,59.7V0h1000v59.7 c0,0-62.1,26.1-94.9,29.3c-32.8,3.3-62.8-12.3-75.8-22.1C806,49.6,745.3,8.7,694.9,4.7S492.4,59,473,67.3z\"\/>\n\t<path class=\"elementor-shape-fill\" opacity=\"0.66\" d=\"M734,67.3c-45.5,0-77.2-23.2-129.1-39.1c-28.6-8.7-150.3-10.1-254,39.1 s-91.7-34.4-149.2,0C115.7,118.3,0,39.8,0,39.8V0h1000v36.5c0,0-28.2-18.5-92.1-18.5C810.2,18.1,775.7,67.3,734,67.3z\"\/>\n\t<path class=\"elementor-shape-fill\" d=\"M766.1,28.9c-200-57.5-266,65.5-395.1,19.5C242,1.8,242,5.4,184.8,20.6C128,35.8,132.3,44.9,89.9,52.5C28.6,63.7,0,0,0,0 h1000c0,0-9.9,40.9-83.6,48.1S829.6,47,766.1,28.9z\"\/>\n<\/svg>\t\t<\/div>\n\t\t\t\t\t<div class=\"elementor-container elementor-column-gap-default\">\n\t\t\t\t\t<div class=\"elementor-column elementor-col-100 elementor-top-column elementor-element elementor-element-73178c3\" data-id=\"73178c3\" data-element_type=\"column\" data-e-type=\"column\">\n\t\t\t<div class=\"elementor-widget-wrap elementor-element-populated\">\n\t\t\t\t\t\t<div class=\"elementor-element elementor-element-043c41b elementor-widget elementor-widget-heading\" data-id=\"043c41b\" data-element_type=\"widget\" data-e-type=\"widget\" data-widget_type=\"heading.default\">\n\t\t\t\t<div class=\"elementor-widget-container\">\n\t\t\t\t\t<h1 class=\"elementor-heading-title elementor-size-default\">Legal Notice<\/h1>\t\t\t\t<\/div>\n\t\t\t\t<\/div>\n\t\t\t\t\t<\/div>\n\t\t<\/div>\n\t\t\t\t\t<\/div>\n\t\t<\/section>\n\t\t\t\t<section class=\"elementor-section elementor-top-section elementor-element elementor-element-f0038b3 elementor-section-boxed elementor-section-height-default elementor-section-height-default\" data-id=\"f0038b3\" data-element_type=\"section\" data-e-type=\"section\">\n\t\t\t\t\t\t<div class=\"elementor-container elementor-column-gap-default\">\n\t\t\t\t\t<div class=\"elementor-column elementor-col-100 elementor-top-column elementor-element elementor-element-c6d3514\" data-id=\"c6d3514\" data-element_type=\"column\" data-e-type=\"column\">\n\t\t\t<div class=\"elementor-widget-wrap elementor-element-populated\">\n\t\t\t\t\t\t<div class=\"elementor-element elementor-element-1d8496d elementor-widget elementor-widget-heading\" data-id=\"1d8496d\" data-element_type=\"widget\" data-e-type=\"widget\" data-widget_type=\"heading.default\">\n\t\t\t\t<div class=\"elementor-widget-container\">\n\t\t\t\t\t<h2 class=\"elementor-heading-title elementor-size-default\">1. Contact<\/h2>\t\t\t\t<\/div>\n\t\t\t\t<\/div>\n\t\t\t\t<div class=\"elementor-element elementor-element-081ce4e elementor-widget elementor-widget-text-editor\" data-id=\"081ce4e\" data-element_type=\"widget\" data-e-type=\"widget\" data-widget_type=\"text-editor.default\">\n\t\t\t\t<div class=\"elementor-widget-container\">\n\t\t\t\t\t\t\t\t\t<p><strong>contact@estatestudio.com<br><\/strong><\/p>\t\t\t\t\t\t\t\t<\/div>\n\t\t\t\t<\/div>\n\t\t\t\t\t<\/div>\n\t\t<\/div>\n\t\t\t\t\t<\/div>\n\t\t<\/section>\n\t\t\t\t<section class=\"elementor-section elementor-top-section elementor-element elementor-element-6955246 elementor-section-boxed elementor-section-height-default elementor-section-height-default\" data-id=\"6955246\" data-element_type=\"section\" data-e-type=\"section\">\n\t\t\t\t\t\t<div class=\"elementor-container elementor-column-gap-default\">\n\t\t\t\t\t<div class=\"elementor-column elementor-col-100 elementor-top-column elementor-element elementor-element-c25fe29\" data-id=\"c25fe29\" data-element_type=\"column\" data-e-type=\"column\">\n\t\t\t<div class=\"elementor-widget-wrap elementor-element-populated\">\n\t\t\t\t\t\t<div class=\"elementor-element elementor-element-2d323a6 elementor-widget elementor-widget-heading\" data-id=\"2d323a6\" data-element_type=\"widget\" data-e-type=\"widget\" data-widget_type=\"heading.default\">\n\t\t\t\t<div class=\"elementor-widget-container\">\n\t\t\t\t\t<h2 class=\"elementor-heading-title elementor-size-default\">2. Informations<\/h2>\t\t\t\t<\/div>\n\t\t\t\t<\/div>\n\t\t\t\t<div class=\"elementor-element elementor-element-b286669 elementor-widget elementor-widget-text-editor\" data-id=\"b286669\" data-element_type=\"widget\" data-e-type=\"widget\" data-widget_type=\"text-editor.default\">\n\t\t\t\t<div class=\"elementor-widget-container\">\n\t\t\t\t\t\t\t\t\t<p>The EstateStudio.com digital solution is published by Alter cr\u00e9ation, a simplified joint-stock company with capital of \u20ac30,000.<br>Head office: 5 rue du Colombier 94360 BRY-SUR-MARNE \u2013 France<br>SIREN : 488 404 344<br>registered at the CRETEIL RCS<\/p>\t\t\t\t\t\t\t\t<\/div>\n\t\t\t\t<\/div>\n\t\t\t\t\t<\/div>\n\t\t<\/div>\n\t\t\t\t\t<\/div>\n\t\t<\/section>\n\t\t\t\t<section class=\"elementor-section elementor-top-section elementor-element elementor-element-f261d80 elementor-section-boxed elementor-section-height-default elementor-section-height-default\" data-id=\"f261d80\" data-element_type=\"section\" data-e-type=\"section\">\n\t\t\t\t\t\t<div class=\"elementor-container elementor-column-gap-default\">\n\t\t\t\t\t<div class=\"elementor-column elementor-col-100 elementor-top-column elementor-element elementor-element-611c657\" data-id=\"611c657\" data-element_type=\"column\" data-e-type=\"column\">\n\t\t\t<div class=\"elementor-widget-wrap elementor-element-populated\">\n\t\t\t\t\t\t<div class=\"elementor-element elementor-element-6995d82 elementor-widget elementor-widget-heading\" data-id=\"6995d82\" data-element_type=\"widget\" data-e-type=\"widget\" data-widget_type=\"heading.default\">\n\t\t\t\t<div class=\"elementor-widget-container\">\n\t\t\t\t\t<h2 class=\"elementor-heading-title elementor-size-default\">3. Hosting<\/h2>\t\t\t\t<\/div>\n\t\t\t\t<\/div>\n\t\t\t\t<div class=\"elementor-element elementor-element-3ab9c87 elementor-widget elementor-widget-text-editor\" data-id=\"3ab9c87\" data-element_type=\"widget\" data-e-type=\"widget\" data-widget_type=\"text-editor.default\">\n\t\t\t\t<div class=\"elementor-widget-container\">\n\t\t\t\t\t\t\t\t\t<p>This website is hosted by Alter Cr\u00e9ation.<\/p>\t\t\t\t\t\t\t\t<\/div>\n\t\t\t\t<\/div>\n\t\t\t\t\t<\/div>\n\t\t<\/div>\n\t\t\t\t\t<\/div>\n\t\t<\/section>\n\t\t\t\t<section class=\"elementor-section elementor-top-section elementor-element elementor-element-bdc133e elementor-section-boxed elementor-section-height-default elementor-section-height-default\" data-id=\"bdc133e\" data-element_type=\"section\" data-e-type=\"section\">\n\t\t\t\t\t\t<div class=\"elementor-container elementor-column-gap-default\">\n\t\t\t\t\t<div class=\"elementor-column elementor-col-100 elementor-top-column elementor-element elementor-element-b1e008f\" data-id=\"b1e008f\" data-element_type=\"column\" data-e-type=\"column\">\n\t\t\t<div class=\"elementor-widget-wrap elementor-element-populated\">\n\t\t\t\t\t\t<div class=\"elementor-element elementor-element-a423114 elementor-widget elementor-widget-heading\" data-id=\"a423114\" data-element_type=\"widget\" data-e-type=\"widget\" data-widget_type=\"heading.default\">\n\t\t\t\t<div class=\"elementor-widget-container\">\n\t\t\t\t\t<h2 class=\"elementor-heading-title elementor-size-default\">4. Editor-in-chief<\/h2>\t\t\t\t<\/div>\n\t\t\t\t<\/div>\n\t\t\t\t<div class=\"elementor-element elementor-element-4a68ebf elementor-widget elementor-widget-text-editor\" data-id=\"4a68ebf\" data-element_type=\"widget\" data-e-type=\"widget\" data-widget_type=\"text-editor.default\">\n\t\t\t\t<div class=\"elementor-widget-container\">\n\t\t\t\t\t\t\t\t\t<p>Florian Godard<br><\/p>\t\t\t\t\t\t\t\t<\/div>\n\t\t\t\t<\/div>\n\t\t\t\t\t<\/div>\n\t\t<\/div>\n\t\t\t\t\t<\/div>\n\t\t<\/section>\n\t\t\t\t<section class=\"elementor-section elementor-top-section elementor-element elementor-element-c2b7206 elementor-section-boxed elementor-section-height-default elementor-section-height-default\" data-id=\"c2b7206\" data-element_type=\"section\" data-e-type=\"section\">\n\t\t\t\t\t\t<div class=\"elementor-container elementor-column-gap-default\">\n\t\t\t\t\t<div class=\"elementor-column elementor-col-100 elementor-top-column elementor-element elementor-element-44e0b3b\" data-id=\"44e0b3b\" data-element_type=\"column\" data-e-type=\"column\">\n\t\t\t<div class=\"elementor-widget-wrap elementor-element-populated\">\n\t\t\t\t\t\t<div class=\"elementor-element elementor-element-b2b0729 elementor-widget elementor-widget-heading\" data-id=\"b2b0729\" data-element_type=\"widget\" data-e-type=\"widget\" data-widget_type=\"heading.default\">\n\t\t\t\t<div class=\"elementor-widget-container\">\n\t\t\t\t\t<h2 class=\"elementor-heading-title elementor-size-default\">4. Data controller<\/h2>\t\t\t\t<\/div>\n\t\t\t\t<\/div>\n\t\t\t\t<div class=\"elementor-element elementor-element-87d8ae7 elementor-widget elementor-widget-text-editor\" data-id=\"87d8ae7\" data-element_type=\"widget\" data-e-type=\"widget\" data-widget_type=\"text-editor.default\">\n\t\t\t\t<div class=\"elementor-widget-container\">\n\t\t\t\t\t\t\t\t\t<p>Fr\u00e9d\u00e9ric Moll<\/p>\t\t\t\t\t\t\t\t<\/div>\n\t\t\t\t<\/div>\n\t\t\t\t\t<\/div>\n\t\t<\/div>\n\t\t\t\t\t<\/div>\n\t\t<\/section>\n\t\t\t\t<section class=\"elementor-section elementor-top-section elementor-element elementor-element-16cd980 elementor-section-boxed elementor-section-height-default elementor-section-height-default\" data-id=\"16cd980\" data-element_type=\"section\" data-e-type=\"section\">\n\t\t\t\t\t\t<div class=\"elementor-container elementor-column-gap-default\">\n\t\t\t\t\t<div class=\"elementor-column elementor-col-100 elementor-top-column elementor-element elementor-element-6c15afe\" data-id=\"6c15afe\" data-element_type=\"column\" data-e-type=\"column\">\n\t\t\t<div class=\"elementor-widget-wrap elementor-element-populated\">\n\t\t\t\t\t\t<div class=\"elementor-element elementor-element-2c02ca1 elementor-widget elementor-widget-heading\" data-id=\"2c02ca1\" data-element_type=\"widget\" data-e-type=\"widget\" data-widget_type=\"heading.default\">\n\t\t\t\t<div class=\"elementor-widget-container\">\n\t\t\t\t\t<h2 class=\"elementor-heading-title elementor-size-default\">5. Intellectual property<\/h2>\t\t\t\t<\/div>\n\t\t\t\t<\/div>\n\t\t\t\t<div class=\"elementor-element elementor-element-c7221ae elementor-widget elementor-widget-text-editor\" data-id=\"c7221ae\" data-element_type=\"widget\" data-e-type=\"widget\" data-widget_type=\"text-editor.default\">\n\t\t\t\t<div class=\"elementor-widget-container\">\n\t\t\t\t\t\t\t\t\t<p>The Intellectual Property Code is applicable to the protection of websites.<br>The content of the site remains the exclusive property of Alter Cr\u00e9ation. Any reproduction for commercial purposes or for distribution is prohibited.<\/p>\t\t\t\t\t\t\t\t<\/div>\n\t\t\t\t<\/div>\n\t\t\t\t\t<\/div>\n\t\t<\/div>\n\t\t\t\t\t<\/div>\n\t\t<\/section>\n\t\t\t\t<section class=\"elementor-section elementor-top-section elementor-element elementor-element-551c4d4 elementor-section-boxed elementor-section-height-default elementor-section-height-default\" data-id=\"551c4d4\" data-element_type=\"section\" data-e-type=\"section\" id=\"politique-confidentialite\">\n\t\t\t\t\t\t<div class=\"elementor-container elementor-column-gap-default\">\n\t\t\t\t\t<div class=\"elementor-column elementor-col-100 elementor-top-column elementor-element elementor-element-7efc5f8\" data-id=\"7efc5f8\" data-element_type=\"column\" data-e-type=\"column\">\n\t\t\t<div class=\"elementor-widget-wrap elementor-element-populated\">\n\t\t\t\t\t\t<div class=\"elementor-element elementor-element-8a13819 elementor-widget elementor-widget-heading\" data-id=\"8a13819\" data-element_type=\"widget\" data-e-type=\"widget\" data-widget_type=\"heading.default\">\n\t\t\t\t<div class=\"elementor-widget-container\">\n\t\t\t\t\t<h2 class=\"elementor-heading-title elementor-size-default\">6. Privacy Policy<\/h2>\t\t\t\t<\/div>\n\t\t\t\t<\/div>\n\t\t\t\t<div class=\"elementor-element elementor-element-4fff819 elementor-widget elementor-widget-text-editor\" data-id=\"4fff819\" data-element_type=\"widget\" data-e-type=\"widget\" data-widget_type=\"text-editor.default\">\n\t\t\t\t<div class=\"elementor-widget-container\">\n\t\t\t\t\t\t\t\t\t<p><i>Information collection<\/i><br>We collect information when you log on to our site. In accordance with the preferences you have selected through the cookie management panel, we receive and store information from your computer and browser, including your IP address, software and hardware, and the page you request.<br><br><i>Use of Information<\/i><br>All the information we collect from you can be used to improve our website.<br><br><i>Privacy<\/i><br>We are the sole owners of the information collected on this site. Your personal information will not be sold, exchanged, transferred, or given to any other company for any reason, without your consent. You have a right of access, rectification and opposition to data concerning you. This right can be exercised at any time with our services: dpo@altercreation.fr<br><br><i>Disclosure to third parties<\/i><br>We do not sell, trade or transfer your personally identifiable information to third parties. This does not include trusted third parties who assist us in operating our website or conducting our business, so long as those parties agree to keep this information confidential. We believe it is necessary to share information in order to investigate, prevent, or take action regarding illegal activities, suspected fraud, situations involving potential threats to the physical safety of any person, violations of our terms of use, or when required by law. Non-private information, however, may be provided to other parties for marketing, advertising, or other uses.<br><br><i>Protection of information<\/i><br>We implement a variety of security measures to maintain the safety of your personal information. Do we use cookies? Yes. Our cookies improve access to our site and identify repeat visitors. However, this use of cookies is in no way linked to any personally identifiable information on our site.<br><br><i>Consent<\/i><br>By using our site, you consent to our privacy policy.<\/p>\t\t\t\t\t\t\t\t<\/div>\n\t\t\t\t<\/div>\n\t\t\t\t\t<\/div>\n\t\t<\/div>\n\t\t\t\t\t<\/div>\n\t\t<\/section>\n\t\t\t\t<\/div>\n\t\t","protected":false},"excerpt":{"rendered":"<p>Legal Notice 1. Contact contact@estatestudio.com 2. Informations The EstateStudio.com digital solution is published by Alter cr\u00e9ation, a simplified joint-stock company with capital of \u20ac30,000.Head office: 5 rue du Colombier 94360 BRY-SUR-MARNE \u2013 FranceSIREN : 488 404 344registered at the CRETEIL RCS 3. Hosting This website is hosted by Alter Cr\u00e9ation. 4. Editor-in-chief Florian Godard 4. [&hellip;]<\/p>\n","protected":false},"author":1,"featured_media":0,"parent":0,"menu_order":0,"comment_status":"closed","ping_status":"closed","template":"","meta":{"_acf_changed":false,"footnotes":""},"class_list":["post-7977","page","type-page","status-publish","hentry"],"acf":[],"yoast_head":"<!-- This site is optimized with the Yoast SEO plugin v27.3 - https:\/\/yoast.com\/product\/yoast-seo-wordpress\/ -->\n<title>Legal Notice - EstateStudio.com<\/title>\n<meta name=\"robots\" content=\"index, follow, max-snippet:-1, max-image-preview:large, max-video-preview:-1\" \/>\n<link rel=\"canonical\" href=\"https:\/\/estatestudio.com\/us\/legal-notice\/\" \/>\n<meta property=\"og:locale\" content=\"en_US\" \/>\n<meta property=\"og:type\" content=\"article\" \/>\n<meta property=\"og:title\" content=\"Legal Notice - EstateStudio.com\" \/>\n<meta property=\"og:description\" content=\"Legal Notice 1. Contact contact@estatestudio.com 2. Informations The EstateStudio.com digital solution is published by Alter cr\u00e9ation, a simplified joint-stock company with capital of \u20ac30,000.Head office: 5 rue du Colombier 94360 BRY-SUR-MARNE \u2013 FranceSIREN : 488 404 344registered at the CRETEIL RCS 3. Hosting This website is hosted by Alter Cr\u00e9ation. 4. Editor-in-chief Florian Godard 4. [&hellip;]\" \/>\n<meta property=\"og:url\" content=\"https:\/\/estatestudio.com\/us\/legal-notice\/\" \/>\n<meta property=\"og:site_name\" content=\"EstateStudio.com\" \/>\n<meta property=\"article:publisher\" content=\"https:\/\/www.facebook.com\/EstateStudiocom\" \/>\n<meta property=\"article:modified_time\" content=\"2022-07-28T13:37:19+00:00\" \/>\n<meta name=\"twitter:card\" content=\"summary_large_image\" \/>\n<meta name=\"twitter:label1\" content=\"Est. reading time\" \/>\n\t<meta name=\"twitter:data1\" content=\"2 minutes\" \/>\n<script type=\"application\/ld+json\" class=\"yoast-schema-graph\">{\"@context\":\"https:\\\/\\\/schema.org\",\"@graph\":[{\"@type\":\"WebPage\",\"@id\":\"https:\\\/\\\/estatestudio.com\\\/us\\\/legal-notice\\\/\",\"url\":\"https:\\\/\\\/estatestudio.com\\\/us\\\/legal-notice\\\/\",\"name\":\"Legal Notice - EstateStudio.com\",\"isPartOf\":{\"@id\":\"https:\\\/\\\/estatestudio.com\\\/us\\\/#website\"},\"datePublished\":\"2022-06-13T15:03:51+00:00\",\"dateModified\":\"2022-07-28T13:37:19+00:00\",\"breadcrumb\":{\"@id\":\"https:\\\/\\\/estatestudio.com\\\/us\\\/legal-notice\\\/#breadcrumb\"},\"inLanguage\":\"en-US\",\"potentialAction\":[{\"@type\":\"ReadAction\",\"target\":[\"https:\\\/\\\/estatestudio.com\\\/us\\\/legal-notice\\\/\"]}]},{\"@type\":\"BreadcrumbList\",\"@id\":\"https:\\\/\\\/estatestudio.com\\\/us\\\/legal-notice\\\/#breadcrumb\",\"itemListElement\":[{\"@type\":\"ListItem\",\"position\":1,\"name\":\"Accueil\",\"item\":\"https:\\\/\\\/estatestudio.com\\\/us\\\/\"},{\"@type\":\"ListItem\",\"position\":2,\"name\":\"Legal Notice\"}]},{\"@type\":\"WebSite\",\"@id\":\"https:\\\/\\\/estatestudio.com\\\/us\\\/#website\",\"url\":\"https:\\\/\\\/estatestudio.com\\\/us\\\/\",\"name\":\"EstateStudio.com\",\"description\":\"Cr\u00e9er vos vid\u00e9os immobili\u00e8res en ligne\",\"publisher\":{\"@id\":\"https:\\\/\\\/estatestudio.com\\\/us\\\/#organization\"},\"potentialAction\":[{\"@type\":\"SearchAction\",\"target\":{\"@type\":\"EntryPoint\",\"urlTemplate\":\"https:\\\/\\\/estatestudio.com\\\/us\\\/?s={search_term_string}\"},\"query-input\":{\"@type\":\"PropertyValueSpecification\",\"valueRequired\":true,\"valueName\":\"search_term_string\"}}],\"inLanguage\":\"en-US\"},{\"@type\":\"Organization\",\"@id\":\"https:\\\/\\\/estatestudio.com\\\/us\\\/#organization\",\"name\":\"EstateStudio.com\",\"url\":\"https:\\\/\\\/estatestudio.com\\\/us\\\/\",\"logo\":{\"@type\":\"ImageObject\",\"inLanguage\":\"en-US\",\"@id\":\"https:\\\/\\\/estatestudio.com\\\/us\\\/#\\\/schema\\\/logo\\\/image\\\/\",\"url\":\"https:\\\/\\\/estatestudio.com\\\/wp-content\\\/uploads\\\/2022\\\/06\\\/EstateStudio-1200.jpg\",\"contentUrl\":\"https:\\\/\\\/estatestudio.com\\\/wp-content\\\/uploads\\\/2022\\\/06\\\/EstateStudio-1200.jpg\",\"width\":1200,\"height\":624,\"caption\":\"EstateStudio.com\"},\"image\":{\"@id\":\"https:\\\/\\\/estatestudio.com\\\/us\\\/#\\\/schema\\\/logo\\\/image\\\/\"},\"sameAs\":[\"https:\\\/\\\/www.facebook.com\\\/EstateStudiocom\",\"https:\\\/\\\/www.youtube.com\\\/channel\\\/UCcBwId4i8bRElU2sfx6EZPw\"]}]}<\/script>\n<!-- \/ Yoast SEO plugin. -->","yoast_head_json":{"title":"Legal Notice - EstateStudio.com","robots":{"index":"index","follow":"follow","max-snippet":"max-snippet:-1","max-image-preview":"max-image-preview:large","max-video-preview":"max-video-preview:-1"},"canonical":"https:\/\/estatestudio.com\/us\/legal-notice\/","og_locale":"en_US","og_type":"article","og_title":"Legal Notice - EstateStudio.com","og_description":"Legal Notice 1. Contact contact@estatestudio.com 2. Informations The EstateStudio.com digital solution is published by Alter cr\u00e9ation, a simplified joint-stock company with capital of \u20ac30,000.Head office: 5 rue du Colombier 94360 BRY-SUR-MARNE \u2013 FranceSIREN : 488 404 344registered at the CRETEIL RCS 3. Hosting This website is hosted by Alter Cr\u00e9ation. 4. Editor-in-chief Florian Godard 4. [&hellip;]","og_url":"https:\/\/estatestudio.com\/us\/legal-notice\/","og_site_name":"EstateStudio.com","article_publisher":"https:\/\/www.facebook.com\/EstateStudiocom","article_modified_time":"2022-07-28T13:37:19+00:00","twitter_card":"summary_large_image","twitter_misc":{"Est. reading time":"2 minutes"},"schema":{"@context":"https:\/\/schema.org","@graph":[{"@type":"WebPage","@id":"https:\/\/estatestudio.com\/us\/legal-notice\/","url":"https:\/\/estatestudio.com\/us\/legal-notice\/","name":"Legal Notice - EstateStudio.com","isPartOf":{"@id":"https:\/\/estatestudio.com\/us\/#website"},"datePublished":"2022-06-13T15:03:51+00:00","dateModified":"2022-07-28T13:37:19+00:00","breadcrumb":{"@id":"https:\/\/estatestudio.com\/us\/legal-notice\/#breadcrumb"},"inLanguage":"en-US","potentialAction":[{"@type":"ReadAction","target":["https:\/\/estatestudio.com\/us\/legal-notice\/"]}]},{"@type":"BreadcrumbList","@id":"https:\/\/estatestudio.com\/us\/legal-notice\/#breadcrumb","itemListElement":[{"@type":"ListItem","position":1,"name":"Accueil","item":"https:\/\/estatestudio.com\/us\/"},{"@type":"ListItem","position":2,"name":"Legal Notice"}]},{"@type":"WebSite","@id":"https:\/\/estatestudio.com\/us\/#website","url":"https:\/\/estatestudio.com\/us\/","name":"EstateStudio.com","description":"Cr\u00e9er vos vid\u00e9os immobili\u00e8res en ligne","publisher":{"@id":"https:\/\/estatestudio.com\/us\/#organization"},"potentialAction":[{"@type":"SearchAction","target":{"@type":"EntryPoint","urlTemplate":"https:\/\/estatestudio.com\/us\/?s={search_term_string}"},"query-input":{"@type":"PropertyValueSpecification","valueRequired":true,"valueName":"search_term_string"}}],"inLanguage":"en-US"},{"@type":"Organization","@id":"https:\/\/estatestudio.com\/us\/#organization","name":"EstateStudio.com","url":"https:\/\/estatestudio.com\/us\/","logo":{"@type":"ImageObject","inLanguage":"en-US","@id":"https:\/\/estatestudio.com\/us\/#\/schema\/logo\/image\/","url":"https:\/\/estatestudio.com\/wp-content\/uploads\/2022\/06\/EstateStudio-1200.jpg","contentUrl":"https:\/\/estatestudio.com\/wp-content\/uploads\/2022\/06\/EstateStudio-1200.jpg","width":1200,"height":624,"caption":"EstateStudio.com"},"image":{"@id":"https:\/\/estatestudio.com\/us\/#\/schema\/logo\/image\/"},"sameAs":["https:\/\/www.facebook.com\/EstateStudiocom","https:\/\/www.youtube.com\/channel\/UCcBwId4i8bRElU2sfx6EZPw"]}]}},"_links":{"self":[{"href":"https:\/\/estatestudio.com\/us\/wp-json\/wp\/v2\/pages\/7977","targetHints":{"allow":["GET"]}}],"collection":[{"href":"https:\/\/estatestudio.com\/us\/wp-json\/wp\/v2\/pages"}],"about":[{"href":"https:\/\/estatestudio.com\/us\/wp-json\/wp\/v2\/types\/page"}],"author":[{"embeddable":true,"href":"https:\/\/estatestudio.com\/us\/wp-json\/wp\/v2\/users\/1"}],"replies":[{"embeddable":true,"href":"https:\/\/estatestudio.com\/us\/wp-json\/wp\/v2\/comments?post=7977"}],"version-history":[{"count":2,"href":"https:\/\/estatestudio.com\/us\/wp-json\/wp\/v2\/pages\/7977\/revisions"}],"predecessor-version":[{"id":7979,"href":"https:\/\/estatestudio.com\/us\/wp-json\/wp\/v2\/pages\/7977\/revisions\/7979"}],"wp:attachment":[{"href":"https:\/\/estatestudio.com\/us\/wp-json\/wp\/v2\/media?parent=7977"}],"curies":[{"name":"wp","href":"https:\/\/api.w.org\/{rel}","templated":true}]}}