{"id":7690,"date":"2022-05-06T11:55:06","date_gmt":"2022-05-06T09:55:06","guid":{"rendered":"https:\/\/estatestudio.com\/dashboard\/my-account\/"},"modified":"2022-07-21T17:02:07","modified_gmt":"2022-07-21T15:02:07","slug":"my-account","status":"publish","type":"page","link":"https:\/\/estatestudio.com\/us\/dashboard\/my-account\/","title":{"rendered":"My-account"},"content":{"rendered":"\t\t<div data-elementor-type=\"wp-page\" data-elementor-id=\"7690\" class=\"elementor elementor-7690 elementor-4988\" data-elementor-post-type=\"page\">\n\t\t\t\t\t\t<section class=\"elementor-section elementor-top-section elementor-element elementor-element-99ac1b9 elementor-section-full_width elementor-section-stretched elementor-section-height-default elementor-section-height-default\" data-id=\"99ac1b9\" data-element_type=\"section\" data-e-type=\"section\" data-settings=\"{&quot;stretch_section&quot;:&quot;section-stretched&quot;}\">\n\t\t\t\t\t\t<div class=\"elementor-container elementor-column-gap-default\">\n\t\t\t\t\t<div class=\"elementor-column elementor-col-50 elementor-top-column elementor-element elementor-element-12e3acbd\" data-id=\"12e3acbd\" data-element_type=\"column\" data-e-type=\"column\" data-settings=\"{&quot;background_background&quot;:&quot;classic&quot;}\">\n\t\t\t<div class=\"elementor-widget-wrap elementor-element-populated\">\n\t\t\t\t\t\t<div class=\"elementor-element elementor-element-3349790 elementor-view-framed elementor-shape-circle elementor-widget elementor-widget-icon\" data-id=\"3349790\" data-element_type=\"widget\" data-e-type=\"widget\" data-widget_type=\"icon.default\">\n\t\t\t\t<div class=\"elementor-widget-container\">\n\t\t\t\t\t\t\t<div class=\"elementor-icon-wrapper\">\n\t\t\t<div class=\"elementor-icon\">\n\t\t\t<i aria-hidden=\"true\" class=\"fas fa-user-alt\"><\/i>\t\t\t<\/div>\n\t\t<\/div>\n\t\t\t\t\t\t<\/div>\n\t\t\t\t<\/div>\n\t\t\t\t\t<\/div>\n\t\t<\/div>\n\t\t\t\t<div class=\"elementor-column elementor-col-50 elementor-top-column elementor-element elementor-element-339a3ebe\" data-id=\"339a3ebe\" data-element_type=\"column\" data-e-type=\"column\">\n\t\t\t<div class=\"elementor-widget-wrap elementor-element-populated\">\n\t\t\t\t\t\t<section class=\"elementor-section elementor-inner-section elementor-element elementor-element-17f0c309 elementor-section-boxed elementor-section-height-default elementor-section-height-default\" data-id=\"17f0c309\" data-element_type=\"section\" data-e-type=\"section\">\n\t\t\t\t\t\t<div class=\"elementor-container elementor-column-gap-default\">\n\t\t\t\t\t<div class=\"elementor-column elementor-col-100 elementor-inner-column elementor-element elementor-element-ae17e4c\" data-id=\"ae17e4c\" data-element_type=\"column\" data-e-type=\"column\">\n\t\t\t<div class=\"elementor-widget-wrap elementor-element-populated\">\n\t\t\t\t\t\t<div class=\"elementor-element elementor-element-99accfc elementor-icon-list--layout-traditional elementor-list-item-link-full_width elementor-widget elementor-widget-icon-list\" data-id=\"99accfc\" data-element_type=\"widget\" data-e-type=\"widget\" data-widget_type=\"icon-list.default\">\n\t\t\t\t<div class=\"elementor-widget-container\">\n\t\t\t\t\t\t\t<ul class=\"elementor-icon-list-items\">\n\t\t\t\t\t\t\t<li class=\"elementor-icon-list-item\">\n\t\t\t\t\t\t\t\t\t\t\t<span class=\"elementor-icon-list-icon\">\n\t\t\t\t\t\t\t<i aria-hidden=\"true\" class=\"fas fa-chevron-right\"><\/i>\t\t\t\t\t\t<\/span>\n\t\t\t\t\t\t\t\t\t\t<span class=\"elementor-icon-list-text\">INFORMATION<\/span>\n\t\t\t\t\t\t\t\t\t<\/li>\n\t\t\t\t\t\t<\/ul>\n\t\t\t\t\t\t<\/div>\n\t\t\t\t<\/div>\n\t\t\t\t<div class=\"elementor-element elementor-element-10180846 elementor-widget elementor-widget-shortcode\" data-id=\"10180846\" data-element_type=\"widget\" data-e-type=\"widget\" id=\"wc-estate-account-details\" data-widget_type=\"shortcode.default\">\n\t\t\t\t<div class=\"elementor-widget-container\">\n\t\t\t\t\t\t\t<div class=\"elementor-shortcode\"><div class=\"woocommerce\"><\/div><\/div>\n\t\t\t\t\t\t<\/div>\n\t\t\t\t<\/div>\n\t\t\t\t\t<\/div>\n\t\t<\/div>\n\t\t\t\t\t<\/div>\n\t\t<\/section>\n\t\t\t\t\t<\/div>\n\t\t<\/div>\n\t\t\t\t\t<\/div>\n\t\t<\/section>\n\t\t\t\t<\/div>\n\t\t","protected":false},"excerpt":{"rendered":"<p>INFORMATION<\/p>\n","protected":false},"author":1,"featured_media":0,"parent":7628,"menu_order":0,"comment_status":"closed","ping_status":"closed","template":"","meta":{"_acf_changed":false,"footnotes":""},"class_list":["post-7690","page","type-page","status-publish","hentry"],"acf":[],"yoast_head":"<!-- This site is optimized with the Yoast SEO plugin v27.3 - https:\/\/yoast.com\/product\/yoast-seo-wordpress\/ -->\n<title>My-account - EstateStudio.com<\/title>\n<meta name=\"robots\" content=\"index, follow, max-snippet:-1, max-image-preview:large, max-video-preview:-1\" \/>\n<link rel=\"canonical\" href=\"https:\/\/estatestudio.com\/us\/dashboard\/my-account\/\" \/>\n<meta property=\"og:locale\" content=\"en_US\" \/>\n<meta property=\"og:type\" content=\"article\" \/>\n<meta property=\"og:title\" content=\"My-account - EstateStudio.com\" \/>\n<meta property=\"og:description\" content=\"INFORMATION\" \/>\n<meta property=\"og:url\" content=\"https:\/\/estatestudio.com\/us\/dashboard\/my-account\/\" \/>\n<meta property=\"og:site_name\" content=\"EstateStudio.com\" \/>\n<meta property=\"article:publisher\" content=\"https:\/\/www.facebook.com\/EstateStudiocom\" \/>\n<meta property=\"article:modified_time\" content=\"2022-07-21T15:02:07+00:00\" \/>\n<meta name=\"twitter:card\" content=\"summary_large_image\" \/>\n<script type=\"application\/ld+json\" class=\"yoast-schema-graph\">{\"@context\":\"https:\\\/\\\/schema.org\",\"@graph\":[{\"@type\":\"WebPage\",\"@id\":\"https:\\\/\\\/estatestudio.com\\\/us\\\/dashboard\\\/my-account\\\/\",\"url\":\"https:\\\/\\\/estatestudio.com\\\/us\\\/dashboard\\\/my-account\\\/\",\"name\":\"My-account - EstateStudio.com\",\"isPartOf\":{\"@id\":\"https:\\\/\\\/estatestudio.com\\\/us\\\/#website\"},\"datePublished\":\"2022-05-06T09:55:06+00:00\",\"dateModified\":\"2022-07-21T15:02:07+00:00\",\"breadcrumb\":{\"@id\":\"https:\\\/\\\/estatestudio.com\\\/us\\\/dashboard\\\/my-account\\\/#breadcrumb\"},\"inLanguage\":\"en-US\",\"potentialAction\":[{\"@type\":\"ReadAction\",\"target\":[\"https:\\\/\\\/estatestudio.com\\\/us\\\/dashboard\\\/my-account\\\/\"]}]},{\"@type\":\"BreadcrumbList\",\"@id\":\"https:\\\/\\\/estatestudio.com\\\/us\\\/dashboard\\\/my-account\\\/#breadcrumb\",\"itemListElement\":[{\"@type\":\"ListItem\",\"position\":1,\"name\":\"Accueil\",\"item\":\"https:\\\/\\\/estatestudio.com\\\/us\\\/\"},{\"@type\":\"ListItem\",\"position\":2,\"name\":\"Dashboard\",\"item\":\"https:\\\/\\\/estatestudio.com\\\/us\\\/dashboard\\\/\"},{\"@type\":\"ListItem\",\"position\":3,\"name\":\"My-account\"}]},{\"@type\":\"WebSite\",\"@id\":\"https:\\\/\\\/estatestudio.com\\\/us\\\/#website\",\"url\":\"https:\\\/\\\/estatestudio.com\\\/us\\\/\",\"name\":\"EstateStudio.com\",\"description\":\"Cr\u00e9er vos vid\u00e9os immobili\u00e8res en ligne\",\"publisher\":{\"@id\":\"https:\\\/\\\/estatestudio.com\\\/us\\\/#organization\"},\"potentialAction\":[{\"@type\":\"SearchAction\",\"target\":{\"@type\":\"EntryPoint\",\"urlTemplate\":\"https:\\\/\\\/estatestudio.com\\\/us\\\/?s={search_term_string}\"},\"query-input\":{\"@type\":\"PropertyValueSpecification\",\"valueRequired\":true,\"valueName\":\"search_term_string\"}}],\"inLanguage\":\"en-US\"},{\"@type\":\"Organization\",\"@id\":\"https:\\\/\\\/estatestudio.com\\\/us\\\/#organization\",\"name\":\"EstateStudio.com\",\"url\":\"https:\\\/\\\/estatestudio.com\\\/us\\\/\",\"logo\":{\"@type\":\"ImageObject\",\"inLanguage\":\"en-US\",\"@id\":\"https:\\\/\\\/estatestudio.com\\\/us\\\/#\\\/schema\\\/logo\\\/image\\\/\",\"url\":\"https:\\\/\\\/estatestudio.com\\\/wp-content\\\/uploads\\\/2022\\\/06\\\/EstateStudio-1200.jpg\",\"contentUrl\":\"https:\\\/\\\/estatestudio.com\\\/wp-content\\\/uploads\\\/2022\\\/06\\\/EstateStudio-1200.jpg\",\"width\":1200,\"height\":624,\"caption\":\"EstateStudio.com\"},\"image\":{\"@id\":\"https:\\\/\\\/estatestudio.com\\\/us\\\/#\\\/schema\\\/logo\\\/image\\\/\"},\"sameAs\":[\"https:\\\/\\\/www.facebook.com\\\/EstateStudiocom\",\"https:\\\/\\\/www.youtube.com\\\/channel\\\/UCcBwId4i8bRElU2sfx6EZPw\"]}]}<\/script>\n<!-- \/ Yoast SEO plugin. -->","yoast_head_json":{"title":"My-account - EstateStudio.com","robots":{"index":"index","follow":"follow","max-snippet":"max-snippet:-1","max-image-preview":"max-image-preview:large","max-video-preview":"max-video-preview:-1"},"canonical":"https:\/\/estatestudio.com\/us\/dashboard\/my-account\/","og_locale":"en_US","og_type":"article","og_title":"My-account - EstateStudio.com","og_description":"INFORMATION","og_url":"https:\/\/estatestudio.com\/us\/dashboard\/my-account\/","og_site_name":"EstateStudio.com","article_publisher":"https:\/\/www.facebook.com\/EstateStudiocom","article_modified_time":"2022-07-21T15:02:07+00:00","twitter_card":"summary_large_image","schema":{"@context":"https:\/\/schema.org","@graph":[{"@type":"WebPage","@id":"https:\/\/estatestudio.com\/us\/dashboard\/my-account\/","url":"https:\/\/estatestudio.com\/us\/dashboard\/my-account\/","name":"My-account - EstateStudio.com","isPartOf":{"@id":"https:\/\/estatestudio.com\/us\/#website"},"datePublished":"2022-05-06T09:55:06+00:00","dateModified":"2022-07-21T15:02:07+00:00","breadcrumb":{"@id":"https:\/\/estatestudio.com\/us\/dashboard\/my-account\/#breadcrumb"},"inLanguage":"en-US","potentialAction":[{"@type":"ReadAction","target":["https:\/\/estatestudio.com\/us\/dashboard\/my-account\/"]}]},{"@type":"BreadcrumbList","@id":"https:\/\/estatestudio.com\/us\/dashboard\/my-account\/#breadcrumb","itemListElement":[{"@type":"ListItem","position":1,"name":"Accueil","item":"https:\/\/estatestudio.com\/us\/"},{"@type":"ListItem","position":2,"name":"Dashboard","item":"https:\/\/estatestudio.com\/us\/dashboard\/"},{"@type":"ListItem","position":3,"name":"My-account"}]},{"@type":"WebSite","@id":"https:\/\/estatestudio.com\/us\/#website","url":"https:\/\/estatestudio.com\/us\/","name":"EstateStudio.com","description":"Cr\u00e9er vos vid\u00e9os immobili\u00e8res en ligne","publisher":{"@id":"https:\/\/estatestudio.com\/us\/#organization"},"potentialAction":[{"@type":"SearchAction","target":{"@type":"EntryPoint","urlTemplate":"https:\/\/estatestudio.com\/us\/?s={search_term_string}"},"query-input":{"@type":"PropertyValueSpecification","valueRequired":true,"valueName":"search_term_string"}}],"inLanguage":"en-US"},{"@type":"Organization","@id":"https:\/\/estatestudio.com\/us\/#organization","name":"EstateStudio.com","url":"https:\/\/estatestudio.com\/us\/","logo":{"@type":"ImageObject","inLanguage":"en-US","@id":"https:\/\/estatestudio.com\/us\/#\/schema\/logo\/image\/","url":"https:\/\/estatestudio.com\/wp-content\/uploads\/2022\/06\/EstateStudio-1200.jpg","contentUrl":"https:\/\/estatestudio.com\/wp-content\/uploads\/2022\/06\/EstateStudio-1200.jpg","width":1200,"height":624,"caption":"EstateStudio.com"},"image":{"@id":"https:\/\/estatestudio.com\/us\/#\/schema\/logo\/image\/"},"sameAs":["https:\/\/www.facebook.com\/EstateStudiocom","https:\/\/www.youtube.com\/channel\/UCcBwId4i8bRElU2sfx6EZPw"]}]}},"_links":{"self":[{"href":"https:\/\/estatestudio.com\/us\/wp-json\/wp\/v2\/pages\/7690","targetHints":{"allow":["GET"]}}],"collection":[{"href":"https:\/\/estatestudio.com\/us\/wp-json\/wp\/v2\/pages"}],"about":[{"href":"https:\/\/estatestudio.com\/us\/wp-json\/wp\/v2\/types\/page"}],"author":[{"embeddable":true,"href":"https:\/\/estatestudio.com\/us\/wp-json\/wp\/v2\/users\/1"}],"replies":[{"embeddable":true,"href":"https:\/\/estatestudio.com\/us\/wp-json\/wp\/v2\/comments?post=7690"}],"version-history":[{"count":3,"href":"https:\/\/estatestudio.com\/us\/wp-json\/wp\/v2\/pages\/7690\/revisions"}],"predecessor-version":[{"id":7693,"href":"https:\/\/estatestudio.com\/us\/wp-json\/wp\/v2\/pages\/7690\/revisions\/7693"}],"up":[{"embeddable":true,"href":"https:\/\/estatestudio.com\/us\/wp-json\/wp\/v2\/pages\/7628"}],"wp:attachment":[{"href":"https:\/\/estatestudio.com\/us\/wp-json\/wp\/v2\/media?parent=7690"}],"curies":[{"name":"wp","href":"https:\/\/api.w.org\/{rel}","templated":true}]}}