{"id":7647,"date":"2022-07-06T14:26:09","date_gmt":"2022-07-06T12:26:09","guid":{"rendered":"https:\/\/estatestudio.com\/blog\/"},"modified":"2022-11-04T12:40:47","modified_gmt":"2022-11-04T11:40:47","slug":"blog","status":"publish","type":"page","link":"https:\/\/estatestudio.com\/us\/blog\/","title":{"rendered":"Blog"},"content":{"rendered":"\t\t<div data-elementor-type=\"wp-page\" data-elementor-id=\"7647\" class=\"elementor elementor-7647 elementor-7579\" data-elementor-post-type=\"page\">\n\t\t\t\t\t\t<section class=\"elementor-section elementor-top-section elementor-element elementor-element-03fd5fc elementor-section-full_width elementor-section-height-default elementor-section-height-default\" data-id=\"03fd5fc\" data-element_type=\"section\" data-e-type=\"section\">\n\t\t\t\t\t\t<div class=\"elementor-container elementor-column-gap-default\">\n\t\t\t\t\t<div class=\"elementor-column elementor-col-100 elementor-top-column elementor-element elementor-element-7d10ac0\" data-id=\"7d10ac0\" data-element_type=\"column\" data-e-type=\"column\">\n\t\t\t<div class=\"elementor-widget-wrap elementor-element-populated\">\n\t\t\t\t\t\t<div class=\"elementor-element elementor-element-9130c28 elementor-widget elementor-widget-image\" data-id=\"9130c28\" data-element_type=\"widget\" data-e-type=\"widget\" data-widget_type=\"image.default\">\n\t\t\t\t<div class=\"elementor-widget-container\">\n\t\t\t\t\t\t\t\t\t\t\t\t\t\t\t<img fetchpriority=\"high\" decoding=\"async\" width=\"1920\" height=\"328\" src=\"https:\/\/estatestudio.com\/wp-content\/uploads\/2022\/06\/header-blog-general-1920.png\" class=\"attachment-full size-full wp-image-7259\" alt=\"\" srcset=\"https:\/\/estatestudio.com\/wp-content\/uploads\/2022\/06\/header-blog-general-1920.png 1920w, https:\/\/estatestudio.com\/wp-content\/uploads\/2022\/06\/header-blog-general-1920-300x51.png 300w, https:\/\/estatestudio.com\/wp-content\/uploads\/2022\/06\/header-blog-general-1920-1024x175.png 1024w, https:\/\/estatestudio.com\/wp-content\/uploads\/2022\/06\/header-blog-general-1920-768x131.png 768w, https:\/\/estatestudio.com\/wp-content\/uploads\/2022\/06\/header-blog-general-1920-1536x262.png 1536w, https:\/\/estatestudio.com\/wp-content\/uploads\/2022\/06\/header-blog-general-1920-500x85.png 500w, https:\/\/estatestudio.com\/wp-content\/uploads\/2022\/06\/header-blog-general-1920-700x120.png 700w\" sizes=\"(max-width: 1920px) 100vw, 1920px\" \/>\t\t\t\t\t\t\t\t\t\t\t\t\t\t\t<\/div>\n\t\t\t\t<\/div>\n\t\t\t\t\t<\/div>\n\t\t<\/div>\n\t\t\t\t\t<\/div>\n\t\t<\/section>\n\t\t\t\t<section class=\"elementor-section elementor-top-section elementor-element elementor-element-40a5c52 elementor-section-boxed elementor-section-height-default elementor-section-height-default\" data-id=\"40a5c52\" data-element_type=\"section\" data-e-type=\"section\">\n\t\t\t\t\t\t<div class=\"elementor-container elementor-column-gap-default\">\n\t\t\t\t\t<div class=\"elementor-column elementor-col-100 elementor-top-column elementor-element elementor-element-8b9663f\" data-id=\"8b9663f\" data-element_type=\"column\" data-e-type=\"column\">\n\t\t\t<div class=\"elementor-widget-wrap elementor-element-populated\">\n\t\t\t\t\t\t<div class=\"elementor-element elementor-element-3b3080b elementor-posts--align-left elementor-posts__hover-none elementor-grid-3 elementor-grid-tablet-2 elementor-grid-mobile-1 elementor-posts--thumbnail-top elementor-card-shadow-yes elementor-widget elementor-widget-posts\" data-id=\"3b3080b\" data-element_type=\"widget\" data-e-type=\"widget\" data-settings=\"{&quot;cards_masonry&quot;:&quot;yes&quot;,&quot;cards_row_gap&quot;:{&quot;unit&quot;:&quot;px&quot;,&quot;size&quot;:30,&quot;sizes&quot;:[]},&quot;pagination_type&quot;:&quot;load_more_infinite_scroll&quot;,&quot;cards_columns&quot;:&quot;3&quot;,&quot;cards_columns_tablet&quot;:&quot;2&quot;,&quot;cards_columns_mobile&quot;:&quot;1&quot;,&quot;cards_row_gap_tablet&quot;:{&quot;unit&quot;:&quot;px&quot;,&quot;size&quot;:&quot;&quot;,&quot;sizes&quot;:[]},&quot;cards_row_gap_mobile&quot;:{&quot;unit&quot;:&quot;px&quot;,&quot;size&quot;:&quot;&quot;,&quot;sizes&quot;:[]},&quot;load_more_spinner&quot;:{&quot;value&quot;:&quot;fas fa-spinner&quot;,&quot;library&quot;:&quot;fa-solid&quot;}}\" data-widget_type=\"posts.cards\">\n\t\t\t\t<div class=\"elementor-widget-container\">\n\t\t\t\t\t\t\t<div class=\"elementor-posts-container elementor-posts elementor-posts--skin-cards elementor-grid\" role=\"list\">\n\t\t\t\t<article class=\"elementor-post elementor-grid-item post-8914 post type-post status-publish format-standard has-post-thumbnail hentry category-tutorials-us\" role=\"listitem\">\n\t\t\t<div class=\"elementor-post__card\">\n\t\t\t\t<a class=\"elementor-post__thumbnail__link\" href=\"https:\/\/estatestudio.com\/us\/video-tutorial-customize-your-video-2\/\" tabindex=\"-1\" ><div class=\"elementor-post__thumbnail\"><img decoding=\"async\" width=\"768\" height=\"432\" src=\"https:\/\/estatestudio.com\/wp-content\/uploads\/2022\/11\/EstateStudio-Video-Tutorial-3-768x432.jpg\" class=\"attachment-medium_large size-medium_large wp-image-8871\" alt=\"\" srcset=\"https:\/\/estatestudio.com\/wp-content\/uploads\/2022\/11\/EstateStudio-Video-Tutorial-3-768x432.jpg 768w, https:\/\/estatestudio.com\/wp-content\/uploads\/2022\/11\/EstateStudio-Video-Tutorial-3-300x169.jpg 300w, https:\/\/estatestudio.com\/wp-content\/uploads\/2022\/11\/EstateStudio-Video-Tutorial-3-1024x576.jpg 1024w, https:\/\/estatestudio.com\/wp-content\/uploads\/2022\/11\/EstateStudio-Video-Tutorial-3-1536x864.jpg 1536w, https:\/\/estatestudio.com\/wp-content\/uploads\/2022\/11\/EstateStudio-Video-Tutorial-3-500x281.jpg 500w, https:\/\/estatestudio.com\/wp-content\/uploads\/2022\/11\/EstateStudio-Video-Tutorial-3-700x394.jpg 700w, https:\/\/estatestudio.com\/wp-content\/uploads\/2022\/11\/EstateStudio-Video-Tutorial-3.jpg 1920w\" sizes=\"(max-width: 768px) 100vw, 768px\" \/><\/div><\/a>\n\t\t\t\t<div class=\"elementor-post__text\">\n\t\t\t\t<h3 class=\"elementor-post__title\">\n\t\t\t<a href=\"https:\/\/estatestudio.com\/us\/video-tutorial-customize-your-video-2\/\" >\n\t\t\t\tVideo Tutorial: Customize your video\t\t\t<\/a>\n\t\t<\/h3>\n\t\t\t\t<div class=\"elementor-post__excerpt\">\n\t\t\t<p>You can customize your video online on your computer or smartphone and it only takes a couple minutes.<\/p>\n\t\t<\/div>\n\t\t\n\t\t<a class=\"elementor-post__read-more\" href=\"https:\/\/estatestudio.com\/us\/video-tutorial-customize-your-video-2\/\" aria-label=\"Read more about Video Tutorial: Customize your video\" tabindex=\"-1\" >\n\t\t\tRead more \u00bb\t\t<\/a>\n\n\t\t\t\t<\/div>\n\t\t\t\t\t<\/div>\n\t\t<\/article>\n\t\t\t\t<article class=\"elementor-post elementor-grid-item post-8864 post type-post status-publish format-standard has-post-thumbnail hentry category-tutorials-2 category-tutorials-us\" role=\"listitem\">\n\t\t\t<div class=\"elementor-post__card\">\n\t\t\t\t<a class=\"elementor-post__thumbnail__link\" href=\"https:\/\/estatestudio.com\/us\/video-tutorial-creating-your-account-on-estatestudio-com\/\" tabindex=\"-1\" ><div class=\"elementor-post__thumbnail\"><img decoding=\"async\" width=\"768\" height=\"432\" src=\"https:\/\/estatestudio.com\/wp-content\/uploads\/2022\/11\/EstateStudio-Video-Tutorial-1-768x432.jpg\" class=\"attachment-medium_large size-medium_large wp-image-8866\" alt=\"\" srcset=\"https:\/\/estatestudio.com\/wp-content\/uploads\/2022\/11\/EstateStudio-Video-Tutorial-1-768x432.jpg 768w, https:\/\/estatestudio.com\/wp-content\/uploads\/2022\/11\/EstateStudio-Video-Tutorial-1-300x169.jpg 300w, https:\/\/estatestudio.com\/wp-content\/uploads\/2022\/11\/EstateStudio-Video-Tutorial-1-1024x576.jpg 1024w, https:\/\/estatestudio.com\/wp-content\/uploads\/2022\/11\/EstateStudio-Video-Tutorial-1-1536x864.jpg 1536w, https:\/\/estatestudio.com\/wp-content\/uploads\/2022\/11\/EstateStudio-Video-Tutorial-1-500x281.jpg 500w, https:\/\/estatestudio.com\/wp-content\/uploads\/2022\/11\/EstateStudio-Video-Tutorial-1-700x394.jpg 700w, https:\/\/estatestudio.com\/wp-content\/uploads\/2022\/11\/EstateStudio-Video-Tutorial-1.jpg 1920w\" sizes=\"(max-width: 768px) 100vw, 768px\" \/><\/div><\/a>\n\t\t\t\t<div class=\"elementor-post__text\">\n\t\t\t\t<h3 class=\"elementor-post__title\">\n\t\t\t<a href=\"https:\/\/estatestudio.com\/us\/video-tutorial-creating-your-account-on-estatestudio-com\/\" >\n\t\t\t\tVideo Tutorial: Creating your account\t\t\t<\/a>\n\t\t<\/h3>\n\t\t\t\t<div class=\"elementor-post__excerpt\">\n\t\t\t<p>Creating an account on EstateStudio.com is quick and easy! Click on the Sign Up button, fill in the form and create your account. <\/p>\n\t\t<\/div>\n\t\t\n\t\t<a class=\"elementor-post__read-more\" href=\"https:\/\/estatestudio.com\/us\/video-tutorial-creating-your-account-on-estatestudio-com\/\" aria-label=\"Read more about Video Tutorial: Creating your account\" tabindex=\"-1\" >\n\t\t\tRead more \u00bb\t\t<\/a>\n\n\t\t\t\t<\/div>\n\t\t\t\t\t<\/div>\n\t\t<\/article>\n\t\t\t\t<article class=\"elementor-post elementor-grid-item post-8878 post type-post status-publish format-standard has-post-thumbnail hentry category-tutorials-us category-tutorials-2\" role=\"listitem\">\n\t\t\t<div class=\"elementor-post__card\">\n\t\t\t\t<a class=\"elementor-post__thumbnail__link\" href=\"https:\/\/estatestudio.com\/us\/video-tutorial-select-a-video-template\/\" tabindex=\"-1\" ><div class=\"elementor-post__thumbnail\"><img loading=\"lazy\" decoding=\"async\" width=\"768\" height=\"432\" src=\"https:\/\/estatestudio.com\/wp-content\/uploads\/2022\/11\/EstateStudio-Video-Tutorial-2-768x432.jpg\" class=\"attachment-medium_large size-medium_large wp-image-8868\" alt=\"\" srcset=\"https:\/\/estatestudio.com\/wp-content\/uploads\/2022\/11\/EstateStudio-Video-Tutorial-2-768x432.jpg 768w, https:\/\/estatestudio.com\/wp-content\/uploads\/2022\/11\/EstateStudio-Video-Tutorial-2-300x169.jpg 300w, https:\/\/estatestudio.com\/wp-content\/uploads\/2022\/11\/EstateStudio-Video-Tutorial-2-1024x576.jpg 1024w, https:\/\/estatestudio.com\/wp-content\/uploads\/2022\/11\/EstateStudio-Video-Tutorial-2-1536x864.jpg 1536w, https:\/\/estatestudio.com\/wp-content\/uploads\/2022\/11\/EstateStudio-Video-Tutorial-2-500x281.jpg 500w, https:\/\/estatestudio.com\/wp-content\/uploads\/2022\/11\/EstateStudio-Video-Tutorial-2-700x394.jpg 700w, https:\/\/estatestudio.com\/wp-content\/uploads\/2022\/11\/EstateStudio-Video-Tutorial-2.jpg 1920w\" sizes=\"(max-width: 768px) 100vw, 768px\" \/><\/div><\/a>\n\t\t\t\t<div class=\"elementor-post__text\">\n\t\t\t\t<h3 class=\"elementor-post__title\">\n\t\t\t<a href=\"https:\/\/estatestudio.com\/us\/video-tutorial-select-a-video-template\/\" >\n\t\t\t\tVideo Tutorial: Select a video template\t\t\t<\/a>\n\t\t<\/h3>\n\t\t\t\t<div class=\"elementor-post__excerpt\">\n\t\t\t<p>Go to the \u201cCreate\u201d page and select your video template. Choose your brand identity or upload your logo with custom colors.<\/p>\n\t\t<\/div>\n\t\t\n\t\t<a class=\"elementor-post__read-more\" href=\"https:\/\/estatestudio.com\/us\/video-tutorial-select-a-video-template\/\" aria-label=\"Read more about Video Tutorial: Select a video template\" tabindex=\"-1\" >\n\t\t\tRead more \u00bb\t\t<\/a>\n\n\t\t\t\t<\/div>\n\t\t\t\t\t<\/div>\n\t\t<\/article>\n\t\t\t\t<article class=\"elementor-post elementor-grid-item post-8902 post type-post status-publish format-standard has-post-thumbnail hentry category-tutorials-2 category-tutorials-us\" role=\"listitem\">\n\t\t\t<div class=\"elementor-post__card\">\n\t\t\t\t<a class=\"elementor-post__thumbnail__link\" href=\"https:\/\/estatestudio.com\/us\/video-tutorial-download-and-share-your-video\/\" tabindex=\"-1\" ><div class=\"elementor-post__thumbnail\"><img loading=\"lazy\" decoding=\"async\" width=\"768\" height=\"432\" src=\"https:\/\/estatestudio.com\/wp-content\/uploads\/2022\/11\/EstateStudio-Video-Tutorial-4-768x432.jpg\" class=\"attachment-medium_large size-medium_large wp-image-8872\" alt=\"\" srcset=\"https:\/\/estatestudio.com\/wp-content\/uploads\/2022\/11\/EstateStudio-Video-Tutorial-4-768x432.jpg 768w, https:\/\/estatestudio.com\/wp-content\/uploads\/2022\/11\/EstateStudio-Video-Tutorial-4-300x169.jpg 300w, https:\/\/estatestudio.com\/wp-content\/uploads\/2022\/11\/EstateStudio-Video-Tutorial-4-1024x576.jpg 1024w, https:\/\/estatestudio.com\/wp-content\/uploads\/2022\/11\/EstateStudio-Video-Tutorial-4-1536x864.jpg 1536w, https:\/\/estatestudio.com\/wp-content\/uploads\/2022\/11\/EstateStudio-Video-Tutorial-4-500x281.jpg 500w, https:\/\/estatestudio.com\/wp-content\/uploads\/2022\/11\/EstateStudio-Video-Tutorial-4-700x394.jpg 700w, https:\/\/estatestudio.com\/wp-content\/uploads\/2022\/11\/EstateStudio-Video-Tutorial-4.jpg 1920w\" sizes=\"(max-width: 768px) 100vw, 768px\" \/><\/div><\/a>\n\t\t\t\t<div class=\"elementor-post__text\">\n\t\t\t\t<h3 class=\"elementor-post__title\">\n\t\t\t<a href=\"https:\/\/estatestudio.com\/us\/video-tutorial-download-and-share-your-video\/\" >\n\t\t\t\tVideo Tutorial: Download and Share your video\t\t\t<\/a>\n\t\t<\/h3>\n\t\t\t\t<div class=\"elementor-post__excerpt\">\n\t\t\t<p>Rendering your video will take between 30 seconds and 4 minutes. When your video is ready, you\u2019ll be able to find it in your account.<\/p>\n\t\t<\/div>\n\t\t\n\t\t<a class=\"elementor-post__read-more\" href=\"https:\/\/estatestudio.com\/us\/video-tutorial-download-and-share-your-video\/\" aria-label=\"Read more about Video Tutorial: Download and Share your video\" tabindex=\"-1\" >\n\t\t\tRead more \u00bb\t\t<\/a>\n\n\t\t\t\t<\/div>\n\t\t\t\t\t<\/div>\n\t\t<\/article>\n\t\t\t\t<article class=\"elementor-post elementor-grid-item post-8747 post type-post status-publish format-standard has-post-thumbnail hentry category-uncategorized-us\" role=\"listitem\">\n\t\t\t<div class=\"elementor-post__card\">\n\t\t\t\t<a class=\"elementor-post__thumbnail__link\" href=\"https:\/\/estatestudio.com\/us\/what-should-you-include-in-a-real-estate-listing\/\" tabindex=\"-1\" ><div class=\"elementor-post__thumbnail\"><img loading=\"lazy\" decoding=\"async\" width=\"768\" height=\"512\" src=\"https:\/\/estatestudio.com\/wp-content\/uploads\/2022\/08\/contenu-annonce-immobiliere_2093136091-768x512.jpg\" class=\"attachment-medium_large size-medium_large wp-image-8369\" alt=\"content of a real estate ad\" srcset=\"https:\/\/estatestudio.com\/wp-content\/uploads\/2022\/08\/contenu-annonce-immobiliere_2093136091-768x512.jpg 768w, https:\/\/estatestudio.com\/wp-content\/uploads\/2022\/08\/contenu-annonce-immobiliere_2093136091-300x200.jpg 300w, https:\/\/estatestudio.com\/wp-content\/uploads\/2022\/08\/contenu-annonce-immobiliere_2093136091-1024x683.jpg 1024w, https:\/\/estatestudio.com\/wp-content\/uploads\/2022\/08\/contenu-annonce-immobiliere_2093136091-500x333.jpg 500w, https:\/\/estatestudio.com\/wp-content\/uploads\/2022\/08\/contenu-annonce-immobiliere_2093136091-700x467.jpg 700w, https:\/\/estatestudio.com\/wp-content\/uploads\/2022\/08\/contenu-annonce-immobiliere_2093136091.jpg 1200w\" sizes=\"(max-width: 768px) 100vw, 768px\" \/><\/div><\/a>\n\t\t\t\t<div class=\"elementor-post__text\">\n\t\t\t\t<h3 class=\"elementor-post__title\">\n\t\t\t<a href=\"https:\/\/estatestudio.com\/us\/what-should-you-include-in-a-real-estate-listing\/\" >\n\t\t\t\tWhat should you include in a real estate listing?\t\t\t<\/a>\n\t\t<\/h3>\n\t\t\t\t<div class=\"elementor-post__excerpt\">\n\t\t\t<p>90% of real estate searches start online. One way to stand out from the crowd is to come up with a high quality listing. What<\/p>\n\t\t<\/div>\n\t\t\n\t\t<a class=\"elementor-post__read-more\" href=\"https:\/\/estatestudio.com\/us\/what-should-you-include-in-a-real-estate-listing\/\" aria-label=\"Read more about What should you include in a real estate listing?\" tabindex=\"-1\" >\n\t\t\tRead more \u00bb\t\t<\/a>\n\n\t\t\t\t<\/div>\n\t\t\t\t\t<\/div>\n\t\t<\/article>\n\t\t\t\t<article class=\"elementor-post elementor-grid-item post-8799 post type-post status-publish format-standard has-post-thumbnail hentry category-articles\" role=\"listitem\">\n\t\t\t<div class=\"elementor-post__card\">\n\t\t\t\t<a class=\"elementor-post__thumbnail__link\" href=\"https:\/\/estatestudio.com\/us\/share-a-real-estate-listing-on-social-media\/\" tabindex=\"-1\" ><div class=\"elementor-post__thumbnail\"><img loading=\"lazy\" decoding=\"async\" width=\"320\" height=\"240\" src=\"https:\/\/estatestudio.com\/wp-content\/uploads\/2022\/08\/publier-annonce-immo-reseaux-sociaux.png\" class=\"attachment-medium_large size-medium_large wp-image-8682\" alt=\"publish real estate ad social networks\" srcset=\"https:\/\/estatestudio.com\/wp-content\/uploads\/2022\/08\/publier-annonce-immo-reseaux-sociaux.png 320w, https:\/\/estatestudio.com\/wp-content\/uploads\/2022\/08\/publier-annonce-immo-reseaux-sociaux-300x225.png 300w\" sizes=\"(max-width: 320px) 100vw, 320px\" \/><\/div><\/a>\n\t\t\t\t<div class=\"elementor-post__text\">\n\t\t\t\t<h3 class=\"elementor-post__title\">\n\t\t\t<a href=\"https:\/\/estatestudio.com\/us\/share-a-real-estate-listing-on-social-media\/\" >\n\t\t\t\tShare a real estate listing on social media\t\t\t<\/a>\n\t\t<\/h3>\n\t\t\t\t<div class=\"elementor-post__excerpt\">\n\t\t\t<p>The viral effect of a real estate ad via a video has a much more powerful impact than a photo ad.<\/p>\n\t\t<\/div>\n\t\t\n\t\t<a class=\"elementor-post__read-more\" href=\"https:\/\/estatestudio.com\/us\/share-a-real-estate-listing-on-social-media\/\" aria-label=\"Read more about Share a real estate listing on social media\" tabindex=\"-1\" >\n\t\t\tRead more \u00bb\t\t<\/a>\n\n\t\t\t\t<\/div>\n\t\t\t\t\t<\/div>\n\t\t<\/article>\n\t\t\t\t<\/div>\n\t\t\t\t\t<span class=\"e-load-more-spinner\">\n\t\t\t\t<i aria-hidden=\"true\" class=\"fas fa-spinner\"><\/i>\t\t\t<\/span>\n\t\t\n\t\t\t\t<div class=\"e-load-more-anchor\" data-page=\"1\" data-max-page=\"2\" data-next-page=\"https:\/\/estatestudio.com\/us\/wp-json\/wp\/v2\/pages\/7647\/page\/2\/\"><\/div>\n\t\t\t\t<div class=\"e-load-more-message\"><\/div>\n\t\t\t\t\t\t<\/div>\n\t\t\t\t<\/div>\n\t\t\t\t\t<\/div>\n\t\t<\/div>\n\t\t\t\t\t<\/div>\n\t\t<\/section>\n\t\t\t\t<\/div>\n\t\t","protected":false},"excerpt":{"rendered":"","protected":false},"author":1,"featured_media":0,"parent":0,"menu_order":0,"comment_status":"closed","ping_status":"closed","template":"","meta":{"_acf_changed":false,"footnotes":""},"class_list":["post-7647","page","type-page","status-publish","hentry"],"acf":[],"yoast_head":"<!-- This site is optimized with the Yoast SEO plugin v27.4 - https:\/\/yoast.com\/product\/yoast-seo-wordpress\/ -->\n<title>Blog - EstateStudio.com<\/title>\n<meta name=\"robots\" content=\"index, follow, max-snippet:-1, max-image-preview:large, max-video-preview:-1\" \/>\n<link rel=\"canonical\" href=\"https:\/\/estatestudio.com\/us\/blog\/\" \/>\n<meta property=\"og:locale\" content=\"en_US\" \/>\n<meta property=\"og:type\" content=\"article\" \/>\n<meta property=\"og:title\" content=\"Blog - EstateStudio.com\" \/>\n<meta property=\"og:url\" content=\"https:\/\/estatestudio.com\/us\/blog\/\" \/>\n<meta property=\"og:site_name\" content=\"EstateStudio.com\" \/>\n<meta property=\"article:publisher\" content=\"https:\/\/www.facebook.com\/EstateStudiocom\" \/>\n<meta property=\"article:modified_time\" content=\"2022-11-04T11:40:47+00:00\" \/>\n<meta property=\"og:image\" content=\"https:\/\/estatestudio.com\/wp-content\/uploads\/2022\/06\/header-blog-general-1920.png\" \/>\n<meta name=\"twitter:card\" content=\"summary_large_image\" \/>\n<meta name=\"twitter:label1\" content=\"Est. reading time\" \/>\n\t<meta name=\"twitter:data1\" content=\"3 minutes\" \/>\n<script type=\"application\/ld+json\" class=\"yoast-schema-graph\">{\"@context\":\"https:\\\/\\\/schema.org\",\"@graph\":[{\"@type\":\"WebPage\",\"@id\":\"https:\\\/\\\/estatestudio.com\\\/us\\\/blog\\\/\",\"url\":\"https:\\\/\\\/estatestudio.com\\\/us\\\/blog\\\/\",\"name\":\"Blog - EstateStudio.com\",\"isPartOf\":{\"@id\":\"https:\\\/\\\/estatestudio.com\\\/us\\\/#website\"},\"primaryImageOfPage\":{\"@id\":\"https:\\\/\\\/estatestudio.com\\\/us\\\/blog\\\/#primaryimage\"},\"image\":{\"@id\":\"https:\\\/\\\/estatestudio.com\\\/us\\\/blog\\\/#primaryimage\"},\"thumbnailUrl\":\"https:\\\/\\\/estatestudio.com\\\/wp-content\\\/uploads\\\/2022\\\/06\\\/header-blog-general-1920.png\",\"datePublished\":\"2022-07-06T12:26:09+00:00\",\"dateModified\":\"2022-11-04T11:40:47+00:00\",\"breadcrumb\":{\"@id\":\"https:\\\/\\\/estatestudio.com\\\/us\\\/blog\\\/#breadcrumb\"},\"inLanguage\":\"en-US\",\"potentialAction\":[{\"@type\":\"ReadAction\",\"target\":[\"https:\\\/\\\/estatestudio.com\\\/us\\\/blog\\\/\"]}]},{\"@type\":\"ImageObject\",\"inLanguage\":\"en-US\",\"@id\":\"https:\\\/\\\/estatestudio.com\\\/us\\\/blog\\\/#primaryimage\",\"url\":\"https:\\\/\\\/estatestudio.com\\\/wp-content\\\/uploads\\\/2022\\\/06\\\/header-blog-general-1920.png\",\"contentUrl\":\"https:\\\/\\\/estatestudio.com\\\/wp-content\\\/uploads\\\/2022\\\/06\\\/header-blog-general-1920.png\"},{\"@type\":\"BreadcrumbList\",\"@id\":\"https:\\\/\\\/estatestudio.com\\\/us\\\/blog\\\/#breadcrumb\",\"itemListElement\":[{\"@type\":\"ListItem\",\"position\":1,\"name\":\"Accueil\",\"item\":\"https:\\\/\\\/estatestudio.com\\\/us\\\/\"},{\"@type\":\"ListItem\",\"position\":2,\"name\":\"Blog\"}]},{\"@type\":\"WebSite\",\"@id\":\"https:\\\/\\\/estatestudio.com\\\/us\\\/#website\",\"url\":\"https:\\\/\\\/estatestudio.com\\\/us\\\/\",\"name\":\"EstateStudio.com\",\"description\":\"Cr\u00e9er vos vid\u00e9os immobili\u00e8res en ligne\",\"publisher\":{\"@id\":\"https:\\\/\\\/estatestudio.com\\\/us\\\/#organization\"},\"potentialAction\":[{\"@type\":\"SearchAction\",\"target\":{\"@type\":\"EntryPoint\",\"urlTemplate\":\"https:\\\/\\\/estatestudio.com\\\/us\\\/?s={search_term_string}\"},\"query-input\":{\"@type\":\"PropertyValueSpecification\",\"valueRequired\":true,\"valueName\":\"search_term_string\"}}],\"inLanguage\":\"en-US\"},{\"@type\":\"Organization\",\"@id\":\"https:\\\/\\\/estatestudio.com\\\/us\\\/#organization\",\"name\":\"EstateStudio.com\",\"url\":\"https:\\\/\\\/estatestudio.com\\\/us\\\/\",\"logo\":{\"@type\":\"ImageObject\",\"inLanguage\":\"en-US\",\"@id\":\"https:\\\/\\\/estatestudio.com\\\/us\\\/#\\\/schema\\\/logo\\\/image\\\/\",\"url\":\"https:\\\/\\\/estatestudio.com\\\/wp-content\\\/uploads\\\/2022\\\/06\\\/EstateStudio-1200.jpg\",\"contentUrl\":\"https:\\\/\\\/estatestudio.com\\\/wp-content\\\/uploads\\\/2022\\\/06\\\/EstateStudio-1200.jpg\",\"width\":1200,\"height\":624,\"caption\":\"EstateStudio.com\"},\"image\":{\"@id\":\"https:\\\/\\\/estatestudio.com\\\/us\\\/#\\\/schema\\\/logo\\\/image\\\/\"},\"sameAs\":[\"https:\\\/\\\/www.facebook.com\\\/EstateStudiocom\",\"https:\\\/\\\/www.youtube.com\\\/channel\\\/UCcBwId4i8bRElU2sfx6EZPw\"]}]}<\/script>\n<!-- \/ Yoast SEO plugin. -->","yoast_head_json":{"title":"Blog - EstateStudio.com","robots":{"index":"index","follow":"follow","max-snippet":"max-snippet:-1","max-image-preview":"max-image-preview:large","max-video-preview":"max-video-preview:-1"},"canonical":"https:\/\/estatestudio.com\/us\/blog\/","og_locale":"en_US","og_type":"article","og_title":"Blog - EstateStudio.com","og_url":"https:\/\/estatestudio.com\/us\/blog\/","og_site_name":"EstateStudio.com","article_publisher":"https:\/\/www.facebook.com\/EstateStudiocom","article_modified_time":"2022-11-04T11:40:47+00:00","og_image":[{"url":"https:\/\/estatestudio.com\/wp-content\/uploads\/2022\/06\/header-blog-general-1920.png","type":"","width":"","height":""}],"twitter_card":"summary_large_image","twitter_misc":{"Est. reading time":"3 minutes"},"schema":{"@context":"https:\/\/schema.org","@graph":[{"@type":"WebPage","@id":"https:\/\/estatestudio.com\/us\/blog\/","url":"https:\/\/estatestudio.com\/us\/blog\/","name":"Blog - EstateStudio.com","isPartOf":{"@id":"https:\/\/estatestudio.com\/us\/#website"},"primaryImageOfPage":{"@id":"https:\/\/estatestudio.com\/us\/blog\/#primaryimage"},"image":{"@id":"https:\/\/estatestudio.com\/us\/blog\/#primaryimage"},"thumbnailUrl":"https:\/\/estatestudio.com\/wp-content\/uploads\/2022\/06\/header-blog-general-1920.png","datePublished":"2022-07-06T12:26:09+00:00","dateModified":"2022-11-04T11:40:47+00:00","breadcrumb":{"@id":"https:\/\/estatestudio.com\/us\/blog\/#breadcrumb"},"inLanguage":"en-US","potentialAction":[{"@type":"ReadAction","target":["https:\/\/estatestudio.com\/us\/blog\/"]}]},{"@type":"ImageObject","inLanguage":"en-US","@id":"https:\/\/estatestudio.com\/us\/blog\/#primaryimage","url":"https:\/\/estatestudio.com\/wp-content\/uploads\/2022\/06\/header-blog-general-1920.png","contentUrl":"https:\/\/estatestudio.com\/wp-content\/uploads\/2022\/06\/header-blog-general-1920.png"},{"@type":"BreadcrumbList","@id":"https:\/\/estatestudio.com\/us\/blog\/#breadcrumb","itemListElement":[{"@type":"ListItem","position":1,"name":"Accueil","item":"https:\/\/estatestudio.com\/us\/"},{"@type":"ListItem","position":2,"name":"Blog"}]},{"@type":"WebSite","@id":"https:\/\/estatestudio.com\/us\/#website","url":"https:\/\/estatestudio.com\/us\/","name":"EstateStudio.com","description":"Cr\u00e9er vos vid\u00e9os immobili\u00e8res en ligne","publisher":{"@id":"https:\/\/estatestudio.com\/us\/#organization"},"potentialAction":[{"@type":"SearchAction","target":{"@type":"EntryPoint","urlTemplate":"https:\/\/estatestudio.com\/us\/?s={search_term_string}"},"query-input":{"@type":"PropertyValueSpecification","valueRequired":true,"valueName":"search_term_string"}}],"inLanguage":"en-US"},{"@type":"Organization","@id":"https:\/\/estatestudio.com\/us\/#organization","name":"EstateStudio.com","url":"https:\/\/estatestudio.com\/us\/","logo":{"@type":"ImageObject","inLanguage":"en-US","@id":"https:\/\/estatestudio.com\/us\/#\/schema\/logo\/image\/","url":"https:\/\/estatestudio.com\/wp-content\/uploads\/2022\/06\/EstateStudio-1200.jpg","contentUrl":"https:\/\/estatestudio.com\/wp-content\/uploads\/2022\/06\/EstateStudio-1200.jpg","width":1200,"height":624,"caption":"EstateStudio.com"},"image":{"@id":"https:\/\/estatestudio.com\/us\/#\/schema\/logo\/image\/"},"sameAs":["https:\/\/www.facebook.com\/EstateStudiocom","https:\/\/www.youtube.com\/channel\/UCcBwId4i8bRElU2sfx6EZPw"]}]}},"_links":{"self":[{"href":"https:\/\/estatestudio.com\/us\/wp-json\/wp\/v2\/pages\/7647","targetHints":{"allow":["GET"]}}],"collection":[{"href":"https:\/\/estatestudio.com\/us\/wp-json\/wp\/v2\/pages"}],"about":[{"href":"https:\/\/estatestudio.com\/us\/wp-json\/wp\/v2\/types\/page"}],"author":[{"embeddable":true,"href":"https:\/\/estatestudio.com\/us\/wp-json\/wp\/v2\/users\/1"}],"replies":[{"embeddable":true,"href":"https:\/\/estatestudio.com\/us\/wp-json\/wp\/v2\/comments?post=7647"}],"version-history":[{"count":12,"href":"https:\/\/estatestudio.com\/us\/wp-json\/wp\/v2\/pages\/7647\/revisions"}],"predecessor-version":[{"id":8925,"href":"https:\/\/estatestudio.com\/us\/wp-json\/wp\/v2\/pages\/7647\/revisions\/8925"}],"wp:attachment":[{"href":"https:\/\/estatestudio.com\/us\/wp-json\/wp\/v2\/media?parent=7647"}],"curies":[{"name":"wp","href":"https:\/\/api.w.org\/{rel}","templated":true}]}}