{"id":7579,"date":"2022-07-06T14:26:09","date_gmt":"2022-07-06T12:26:09","guid":{"rendered":"https:\/\/estatestudio.com\/?page_id=7579"},"modified":"2022-08-10T17:13:53","modified_gmt":"2022-08-10T15:13:53","slug":"blog","status":"publish","type":"page","link":"https:\/\/estatestudio.com\/fr\/blog\/","title":{"rendered":"Blog"},"content":{"rendered":"\t\t<div data-elementor-type=\"wp-page\" data-elementor-id=\"7579\" class=\"elementor elementor-7579\" data-elementor-post-type=\"page\">\n\t\t\t\t\t\t<section class=\"elementor-section elementor-top-section elementor-element elementor-element-03fd5fc elementor-section-full_width elementor-section-height-default elementor-section-height-default\" data-id=\"03fd5fc\" data-element_type=\"section\" data-e-type=\"section\">\n\t\t\t\t\t\t<div class=\"elementor-container elementor-column-gap-default\">\n\t\t\t\t\t<div class=\"elementor-column elementor-col-100 elementor-top-column elementor-element elementor-element-7d10ac0\" data-id=\"7d10ac0\" data-element_type=\"column\" data-e-type=\"column\">\n\t\t\t<div class=\"elementor-widget-wrap elementor-element-populated\">\n\t\t\t\t\t\t<div class=\"elementor-element elementor-element-9130c28 elementor-widget elementor-widget-image\" data-id=\"9130c28\" data-element_type=\"widget\" data-e-type=\"widget\" data-widget_type=\"image.default\">\n\t\t\t\t<div class=\"elementor-widget-container\">\n\t\t\t\t\t\t\t\t\t\t\t\t\t\t\t<img fetchpriority=\"high\" decoding=\"async\" width=\"1920\" height=\"328\" src=\"https:\/\/estatestudio.com\/wp-content\/uploads\/2022\/06\/header-blog-general-1920.png\" class=\"attachment-full size-full wp-image-7258\" alt=\"\" srcset=\"https:\/\/estatestudio.com\/wp-content\/uploads\/2022\/06\/header-blog-general-1920.png 1920w, https:\/\/estatestudio.com\/wp-content\/uploads\/2022\/06\/header-blog-general-1920-300x51.png 300w, https:\/\/estatestudio.com\/wp-content\/uploads\/2022\/06\/header-blog-general-1920-1024x175.png 1024w, https:\/\/estatestudio.com\/wp-content\/uploads\/2022\/06\/header-blog-general-1920-768x131.png 768w, https:\/\/estatestudio.com\/wp-content\/uploads\/2022\/06\/header-blog-general-1920-1536x262.png 1536w, https:\/\/estatestudio.com\/wp-content\/uploads\/2022\/06\/header-blog-general-1920-500x85.png 500w, https:\/\/estatestudio.com\/wp-content\/uploads\/2022\/06\/header-blog-general-1920-700x120.png 700w\" sizes=\"(max-width: 1920px) 100vw, 1920px\" \/>\t\t\t\t\t\t\t\t\t\t\t\t\t\t\t<\/div>\n\t\t\t\t<\/div>\n\t\t\t\t\t<\/div>\n\t\t<\/div>\n\t\t\t\t\t<\/div>\n\t\t<\/section>\n\t\t\t\t<section class=\"elementor-section elementor-top-section elementor-element elementor-element-40a5c52 elementor-section-boxed elementor-section-height-default elementor-section-height-default\" data-id=\"40a5c52\" data-element_type=\"section\" data-e-type=\"section\">\n\t\t\t\t\t\t<div class=\"elementor-container elementor-column-gap-default\">\n\t\t\t\t\t<div class=\"elementor-column elementor-col-100 elementor-top-column elementor-element elementor-element-8b9663f\" data-id=\"8b9663f\" data-element_type=\"column\" data-e-type=\"column\">\n\t\t\t<div class=\"elementor-widget-wrap elementor-element-populated\">\n\t\t\t\t\t\t<div class=\"elementor-element elementor-element-3b3080b elementor-posts--align-left elementor-grid-3 elementor-grid-tablet-2 elementor-grid-mobile-1 elementor-posts--thumbnail-top elementor-card-shadow-yes elementor-posts__hover-gradient elementor-widget elementor-widget-posts\" data-id=\"3b3080b\" data-element_type=\"widget\" data-e-type=\"widget\" data-settings=\"{&quot;cards_masonry&quot;:&quot;yes&quot;,&quot;cards_row_gap&quot;:{&quot;unit&quot;:&quot;px&quot;,&quot;size&quot;:30,&quot;sizes&quot;:[]},&quot;pagination_type&quot;:&quot;load_more_infinite_scroll&quot;,&quot;cards_columns&quot;:&quot;3&quot;,&quot;cards_columns_tablet&quot;:&quot;2&quot;,&quot;cards_columns_mobile&quot;:&quot;1&quot;,&quot;cards_row_gap_tablet&quot;:{&quot;unit&quot;:&quot;px&quot;,&quot;size&quot;:&quot;&quot;,&quot;sizes&quot;:[]},&quot;cards_row_gap_mobile&quot;:{&quot;unit&quot;:&quot;px&quot;,&quot;size&quot;:&quot;&quot;,&quot;sizes&quot;:[]},&quot;load_more_spinner&quot;:{&quot;value&quot;:&quot;fas fa-spinner&quot;,&quot;library&quot;:&quot;fa-solid&quot;}}\" data-widget_type=\"posts.cards\">\n\t\t\t\t<div class=\"elementor-widget-container\">\n\t\t\t\t\t\t\t<div class=\"elementor-posts-container elementor-posts elementor-posts--skin-cards elementor-grid\" role=\"list\">\n\t\t\t\t<article class=\"elementor-post elementor-grid-item post-8632 post type-post status-publish format-standard has-post-thumbnail hentry category-articles\" role=\"listitem\">\n\t\t\t<div class=\"elementor-post__card\">\n\t\t\t\t<a class=\"elementor-post__thumbnail__link\" href=\"https:\/\/estatestudio.com\/fr\/publier-annonce-immobiliere-reseaux-sociaux\/\" tabindex=\"-1\" ><div class=\"elementor-post__thumbnail\"><img decoding=\"async\" width=\"320\" height=\"240\" src=\"https:\/\/estatestudio.com\/wp-content\/uploads\/2022\/08\/publier-annonce-immo-reseaux-sociaux.png\" class=\"attachment-medium_large size-medium_large wp-image-8681\" alt=\"publier annonce immobili\u00e8re r\u00e9seaux sociaux\" srcset=\"https:\/\/estatestudio.com\/wp-content\/uploads\/2022\/08\/publier-annonce-immo-reseaux-sociaux.png 320w, https:\/\/estatestudio.com\/wp-content\/uploads\/2022\/08\/publier-annonce-immo-reseaux-sociaux-300x225.png 300w\" sizes=\"(max-width: 320px) 100vw, 320px\" \/><\/div><\/a>\n\t\t\t\t<div class=\"elementor-post__text\">\n\t\t\t\t<h3 class=\"elementor-post__title\">\n\t\t\t<a href=\"https:\/\/estatestudio.com\/fr\/publier-annonce-immobiliere-reseaux-sociaux\/\" >\n\t\t\t\tPublier une annonce immobili\u00e8re sur les r\u00e9seaux sociaux\t\t\t<\/a>\n\t\t<\/h3>\n\t\t\t\t<div class=\"elementor-post__excerpt\">\n\t\t\t<p>L\u2019effet viral d\u2019une annonce immobili\u00e8re via une vid\u00e9o a un impact beaucoup plus puissant qu\u2019une annonce photo.<\/p>\t\t<\/div>\n\t\t\n\t\t<a class=\"elementor-post__read-more\" href=\"https:\/\/estatestudio.com\/fr\/publier-annonce-immobiliere-reseaux-sociaux\/\" aria-label=\"En savoir plus sur Publier une annonce immobili\u00e8re sur les r\u00e9seaux sociaux\" tabindex=\"-1\" >\n\t\t\tLire la suite \u00bb\t\t<\/a>\n\n\t\t\t\t<\/div>\n\t\t\t\t\t<\/div>\n\t\t<\/article>\n\t\t\t\t<article class=\"elementor-post elementor-grid-item post-8561 post type-post status-publish format-standard has-post-thumbnail hentry category-tutoriel\" role=\"listitem\">\n\t\t\t<div class=\"elementor-post__card\">\n\t\t\t\t<a class=\"elementor-post__thumbnail__link\" href=\"https:\/\/estatestudio.com\/fr\/tutoriel-partager-une-video-estate-studio\/\" tabindex=\"-1\" ><div class=\"elementor-post__thumbnail\"><img decoding=\"async\" width=\"600\" height=\"315\" src=\"https:\/\/estatestudio.com\/wp-content\/uploads\/2022\/08\/tuto-4-partager-video-EstateStudio.jpg\" class=\"attachment-medium_large size-medium_large wp-image-8562\" alt=\"tuto-4-partager-video-EstateStudio\" srcset=\"https:\/\/estatestudio.com\/wp-content\/uploads\/2022\/08\/tuto-4-partager-video-EstateStudio.jpg 600w, https:\/\/estatestudio.com\/wp-content\/uploads\/2022\/08\/tuto-4-partager-video-EstateStudio-300x158.jpg 300w, https:\/\/estatestudio.com\/wp-content\/uploads\/2022\/08\/tuto-4-partager-video-EstateStudio-500x263.jpg 500w\" sizes=\"(max-width: 600px) 100vw, 600px\" \/><\/div><\/a>\n\t\t\t\t<div class=\"elementor-post__text\">\n\t\t\t\t<h3 class=\"elementor-post__title\">\n\t\t\t<a href=\"https:\/\/estatestudio.com\/fr\/tutoriel-partager-une-video-estate-studio\/\" >\n\t\t\t\tTutoriel : Partager une vid\u00e9o Estate Studio\t\t\t<\/a>\n\t\t<\/h3>\n\t\t\t\t<div class=\"elementor-post__excerpt\">\n\t\t\t<p>Partagez vos vid\u00e9os cr\u00e9es sur EstateStudio.com pour promouvoir vos biens immobiliers et gagner en visibilit\u00e9.<\/p>\t\t<\/div>\n\t\t\n\t\t<a class=\"elementor-post__read-more\" href=\"https:\/\/estatestudio.com\/fr\/tutoriel-partager-une-video-estate-studio\/\" aria-label=\"En savoir plus sur Tutoriel : Partager une vid\u00e9o Estate Studio\" tabindex=\"-1\" >\n\t\t\tLire la suite \u00bb\t\t<\/a>\n\n\t\t\t\t<\/div>\n\t\t\t\t\t<\/div>\n\t\t<\/article>\n\t\t\t\t<article class=\"elementor-post elementor-grid-item post-8548 post type-post status-publish format-standard has-post-thumbnail hentry category-tutoriel\" role=\"listitem\">\n\t\t\t<div class=\"elementor-post__card\">\n\t\t\t\t<a class=\"elementor-post__thumbnail__link\" href=\"https:\/\/estatestudio.com\/fr\/tutoriel-personnaliser-une-video-estate-studio\/\" tabindex=\"-1\" ><div class=\"elementor-post__thumbnail\"><img loading=\"lazy\" decoding=\"async\" width=\"600\" height=\"315\" src=\"https:\/\/estatestudio.com\/wp-content\/uploads\/2022\/08\/tuto-3-personnaliser-video-EstateStudio.jpg\" class=\"attachment-medium_large size-medium_large wp-image-8549\" alt=\"tuto-3-personnaliser-video-EstateStudio\" srcset=\"https:\/\/estatestudio.com\/wp-content\/uploads\/2022\/08\/tuto-3-personnaliser-video-EstateStudio.jpg 600w, https:\/\/estatestudio.com\/wp-content\/uploads\/2022\/08\/tuto-3-personnaliser-video-EstateStudio-300x158.jpg 300w, https:\/\/estatestudio.com\/wp-content\/uploads\/2022\/08\/tuto-3-personnaliser-video-EstateStudio-500x263.jpg 500w\" sizes=\"(max-width: 600px) 100vw, 600px\" \/><\/div><\/a>\n\t\t\t\t<div class=\"elementor-post__text\">\n\t\t\t\t<h3 class=\"elementor-post__title\">\n\t\t\t<a href=\"https:\/\/estatestudio.com\/fr\/tutoriel-personnaliser-une-video-estate-studio\/\" >\n\t\t\t\tTutoriel : Personnaliser une vid\u00e9o Estate Studio\t\t\t<\/a>\n\t\t<\/h3>\n\t\t\t\t<div class=\"elementor-post__excerpt\">\n\t\t\t<p>Ajoutez vos textes et vos photos pour cr\u00e9er facilement et rapidement des vid\u00e9os immobili\u00e8res personnalis\u00e9es.<\/p>\t\t<\/div>\n\t\t\n\t\t<a class=\"elementor-post__read-more\" href=\"https:\/\/estatestudio.com\/fr\/tutoriel-personnaliser-une-video-estate-studio\/\" aria-label=\"En savoir plus sur Tutoriel : Personnaliser une vid\u00e9o Estate Studio\" tabindex=\"-1\" >\n\t\t\tLire la suite \u00bb\t\t<\/a>\n\n\t\t\t\t<\/div>\n\t\t\t\t\t<\/div>\n\t\t<\/article>\n\t\t\t\t<article class=\"elementor-post elementor-grid-item post-8537 post type-post status-publish format-standard has-post-thumbnail hentry category-tutoriel\" role=\"listitem\">\n\t\t\t<div class=\"elementor-post__card\">\n\t\t\t\t<a class=\"elementor-post__thumbnail__link\" href=\"https:\/\/estatestudio.com\/fr\/tutoriel-choisir-modele-video-estate-studio\/\" tabindex=\"-1\" ><div class=\"elementor-post__thumbnail\"><img loading=\"lazy\" decoding=\"async\" width=\"600\" height=\"315\" src=\"https:\/\/estatestudio.com\/wp-content\/uploads\/2022\/08\/tuto-2-choisir-modele-video-EstateStudio.jpg\" class=\"attachment-medium_large size-medium_large wp-image-8538\" alt=\"tuto-2-choisir-modele-video-EstateStudio\" srcset=\"https:\/\/estatestudio.com\/wp-content\/uploads\/2022\/08\/tuto-2-choisir-modele-video-EstateStudio.jpg 600w, https:\/\/estatestudio.com\/wp-content\/uploads\/2022\/08\/tuto-2-choisir-modele-video-EstateStudio-300x158.jpg 300w, https:\/\/estatestudio.com\/wp-content\/uploads\/2022\/08\/tuto-2-choisir-modele-video-EstateStudio-500x263.jpg 500w\" sizes=\"(max-width: 600px) 100vw, 600px\" \/><\/div><\/a>\n\t\t\t\t<div class=\"elementor-post__text\">\n\t\t\t\t<h3 class=\"elementor-post__title\">\n\t\t\t<a href=\"https:\/\/estatestudio.com\/fr\/tutoriel-choisir-modele-video-estate-studio\/\" >\n\t\t\t\tTutoriel : Choisir un mod\u00e8le de vid\u00e9o Estate Studio\t\t\t<\/a>\n\t\t<\/h3>\n\t\t\t\t<div class=\"elementor-post__excerpt\">\n\t\t\t<p>Personnalisez facilement et rapidement vos vid\u00e9os immobili\u00e8res en choisissant parmi les mod\u00e8les EstateStudio.com<\/p>\t\t<\/div>\n\t\t\n\t\t<a class=\"elementor-post__read-more\" href=\"https:\/\/estatestudio.com\/fr\/tutoriel-choisir-modele-video-estate-studio\/\" aria-label=\"En savoir plus sur Tutoriel : Choisir un mod\u00e8le de vid\u00e9o Estate Studio\" tabindex=\"-1\" >\n\t\t\tLire la suite \u00bb\t\t<\/a>\n\n\t\t\t\t<\/div>\n\t\t\t\t\t<\/div>\n\t\t<\/article>\n\t\t\t\t<article class=\"elementor-post elementor-grid-item post-7344 post type-post status-publish format-standard has-post-thumbnail hentry category-articles\" role=\"listitem\">\n\t\t\t<div class=\"elementor-post__card\">\n\t\t\t\t<a class=\"elementor-post__thumbnail__link\" href=\"https:\/\/estatestudio.com\/fr\/annonce-immobiliere-format-video-devient-incontournable\/\" tabindex=\"-1\" ><div class=\"elementor-post__thumbnail\"><img loading=\"lazy\" decoding=\"async\" width=\"768\" height=\"403\" src=\"https:\/\/estatestudio.com\/wp-content\/uploads\/2022\/06\/immobilier-768x403.jpg\" class=\"attachment-medium_large size-medium_large wp-image-7462\" alt=\"annonce immobili\u00e8re vid\u00e9o\" srcset=\"https:\/\/estatestudio.com\/wp-content\/uploads\/2022\/06\/immobilier-768x403.jpg 768w, https:\/\/estatestudio.com\/wp-content\/uploads\/2022\/06\/immobilier-300x158.jpg 300w, https:\/\/estatestudio.com\/wp-content\/uploads\/2022\/06\/immobilier-1024x538.jpg 1024w, https:\/\/estatestudio.com\/wp-content\/uploads\/2022\/06\/immobilier-500x263.jpg 500w, https:\/\/estatestudio.com\/wp-content\/uploads\/2022\/06\/immobilier-700x368.jpg 700w, https:\/\/estatestudio.com\/wp-content\/uploads\/2022\/06\/immobilier.jpg 1200w\" sizes=\"(max-width: 768px) 100vw, 768px\" \/><\/div><\/a>\n\t\t\t\t<div class=\"elementor-post__text\">\n\t\t\t\t<h3 class=\"elementor-post__title\">\n\t\t\t<a href=\"https:\/\/estatestudio.com\/fr\/annonce-immobiliere-format-video-devient-incontournable\/\" >\n\t\t\t\tAnnonce immobili\u00e8re : le format vid\u00e9o devient incontournable\t\t\t<\/a>\n\t\t<\/h3>\n\t\t\t\t<div class=\"elementor-post__excerpt\">\n\t\t\t<p>La vid\u00e9o pour l\u2019immobilier : tout ce que vous devez savoir La vid\u00e9o est un outil puissant pour toute action marketing &#8211; et si vous<\/p>\n\t\t<\/div>\n\t\t\n\t\t<a class=\"elementor-post__read-more\" href=\"https:\/\/estatestudio.com\/fr\/annonce-immobiliere-format-video-devient-incontournable\/\" aria-label=\"En savoir plus sur Annonce immobili\u00e8re : le format vid\u00e9o devient incontournable\" tabindex=\"-1\" >\n\t\t\tLire la suite \u00bb\t\t<\/a>\n\n\t\t\t\t<\/div>\n\t\t\t\t\t<\/div>\n\t\t<\/article>\n\t\t\t\t<article class=\"elementor-post elementor-grid-item post-8319 post type-post status-publish format-standard has-post-thumbnail hentry category-articles\" role=\"listitem\">\n\t\t\t<div class=\"elementor-post__card\">\n\t\t\t\t<a class=\"elementor-post__thumbnail__link\" href=\"https:\/\/estatestudio.com\/fr\/que-doit-contenir-une-annonce-immobiliere\/\" tabindex=\"-1\" ><div class=\"elementor-post__thumbnail\"><img loading=\"lazy\" decoding=\"async\" width=\"768\" height=\"512\" src=\"https:\/\/estatestudio.com\/wp-content\/uploads\/2022\/08\/contenu-annonce-immobiliere_2093136091-768x512.jpg\" class=\"attachment-medium_large size-medium_large wp-image-8368\" alt=\"contenu d&#039;une annonce immobili\u00e8re\" srcset=\"https:\/\/estatestudio.com\/wp-content\/uploads\/2022\/08\/contenu-annonce-immobiliere_2093136091-768x512.jpg 768w, https:\/\/estatestudio.com\/wp-content\/uploads\/2022\/08\/contenu-annonce-immobiliere_2093136091-300x200.jpg 300w, https:\/\/estatestudio.com\/wp-content\/uploads\/2022\/08\/contenu-annonce-immobiliere_2093136091-1024x683.jpg 1024w, https:\/\/estatestudio.com\/wp-content\/uploads\/2022\/08\/contenu-annonce-immobiliere_2093136091-500x333.jpg 500w, https:\/\/estatestudio.com\/wp-content\/uploads\/2022\/08\/contenu-annonce-immobiliere_2093136091-700x467.jpg 700w, https:\/\/estatestudio.com\/wp-content\/uploads\/2022\/08\/contenu-annonce-immobiliere_2093136091.jpg 1200w\" sizes=\"(max-width: 768px) 100vw, 768px\" \/><\/div><\/a>\n\t\t\t\t<div class=\"elementor-post__text\">\n\t\t\t\t<h3 class=\"elementor-post__title\">\n\t\t\t<a href=\"https:\/\/estatestudio.com\/fr\/que-doit-contenir-une-annonce-immobiliere\/\" >\n\t\t\t\tQue doit contenir une annonce immobili\u00e8re ?\t\t\t<\/a>\n\t\t<\/h3>\n\t\t\t\t<div class=\"elementor-post__excerpt\">\n\t\t\t<p>90% des recherches immobili\u00e8res d\u00e9butent sur Internet. Depuis 2019, le seuil du million de transactions annuelles est d\u00e9pass\u00e9. Pour qu&rsquo;elle ne soit pas noy\u00e9e dans<\/p>\n\t\t<\/div>\n\t\t\n\t\t<a class=\"elementor-post__read-more\" href=\"https:\/\/estatestudio.com\/fr\/que-doit-contenir-une-annonce-immobiliere\/\" aria-label=\"En savoir plus sur Que doit contenir une annonce immobili\u00e8re ?\" tabindex=\"-1\" >\n\t\t\tLire la suite \u00bb\t\t<\/a>\n\n\t\t\t\t<\/div>\n\t\t\t\t\t<\/div>\n\t\t<\/article>\n\t\t\t\t<\/div>\n\t\t\t\t\t<span class=\"e-load-more-spinner\">\n\t\t\t\t<i aria-hidden=\"true\" class=\"fas fa-spinner\"><\/i>\t\t\t<\/span>\n\t\t\n\t\t\t\t<div class=\"e-load-more-anchor\" data-page=\"1\" data-max-page=\"2\" data-next-page=\"https:\/\/estatestudio.com\/fr\/wp-json\/wp\/v2\/pages\/7579\/page\/2\/\"><\/div>\n\t\t\t\t<div class=\"e-load-more-message\"><\/div>\n\t\t\t\t\t\t<\/div>\n\t\t\t\t<\/div>\n\t\t\t\t\t<\/div>\n\t\t<\/div>\n\t\t\t\t\t<\/div>\n\t\t<\/section>\n\t\t\t\t<\/div>\n\t\t","protected":false},"excerpt":{"rendered":"","protected":false},"author":1,"featured_media":0,"parent":0,"menu_order":0,"comment_status":"closed","ping_status":"closed","template":"","meta":{"_acf_changed":false,"footnotes":""},"class_list":["post-7579","page","type-page","status-publish","hentry"],"acf":[],"yoast_head":"<!-- This site is optimized with the Yoast SEO plugin v27.3 - https:\/\/yoast.com\/product\/yoast-seo-wordpress\/ -->\n<title>Blog - EstateStudio.com<\/title>\n<meta name=\"robots\" content=\"index, follow, max-snippet:-1, max-image-preview:large, max-video-preview:-1\" \/>\n<link rel=\"canonical\" href=\"https:\/\/estatestudio.com\/fr\/blog\/\" \/>\n<meta property=\"og:locale\" content=\"fr_FR\" \/>\n<meta property=\"og:type\" content=\"article\" \/>\n<meta property=\"og:title\" content=\"Blog - EstateStudio.com\" \/>\n<meta property=\"og:url\" content=\"https:\/\/estatestudio.com\/fr\/blog\/\" \/>\n<meta property=\"og:site_name\" content=\"EstateStudio.com\" \/>\n<meta property=\"article:publisher\" content=\"https:\/\/www.facebook.com\/EstateStudiocom\" \/>\n<meta property=\"article:modified_time\" content=\"2022-08-10T15:13:53+00:00\" \/>\n<meta property=\"og:image\" content=\"https:\/\/estatestudio.com\/wp-content\/uploads\/2022\/06\/header-blog-general-1920.png\" \/>\n<meta name=\"twitter:card\" content=\"summary_large_image\" \/>\n<meta name=\"twitter:label1\" content=\"Dur\u00e9e de lecture estim\u00e9e\" \/>\n\t<meta name=\"twitter:data1\" content=\"3 minutes\" \/>\n<script type=\"application\/ld+json\" class=\"yoast-schema-graph\">{\"@context\":\"https:\\\/\\\/schema.org\",\"@graph\":[{\"@type\":\"WebPage\",\"@id\":\"https:\\\/\\\/estatestudio.com\\\/fr\\\/blog\\\/\",\"url\":\"https:\\\/\\\/estatestudio.com\\\/fr\\\/blog\\\/\",\"name\":\"Blog - EstateStudio.com\",\"isPartOf\":{\"@id\":\"https:\\\/\\\/estatestudio.com\\\/fr\\\/#website\"},\"primaryImageOfPage\":{\"@id\":\"https:\\\/\\\/estatestudio.com\\\/fr\\\/blog\\\/#primaryimage\"},\"image\":{\"@id\":\"https:\\\/\\\/estatestudio.com\\\/fr\\\/blog\\\/#primaryimage\"},\"thumbnailUrl\":\"https:\\\/\\\/estatestudio.com\\\/wp-content\\\/uploads\\\/2022\\\/06\\\/header-blog-general-1920.png\",\"datePublished\":\"2022-07-06T12:26:09+00:00\",\"dateModified\":\"2022-08-10T15:13:53+00:00\",\"breadcrumb\":{\"@id\":\"https:\\\/\\\/estatestudio.com\\\/fr\\\/blog\\\/#breadcrumb\"},\"inLanguage\":\"fr-FR\",\"potentialAction\":[{\"@type\":\"ReadAction\",\"target\":[\"https:\\\/\\\/estatestudio.com\\\/fr\\\/blog\\\/\"]}]},{\"@type\":\"ImageObject\",\"inLanguage\":\"fr-FR\",\"@id\":\"https:\\\/\\\/estatestudio.com\\\/fr\\\/blog\\\/#primaryimage\",\"url\":\"https:\\\/\\\/estatestudio.com\\\/wp-content\\\/uploads\\\/2022\\\/06\\\/header-blog-general-1920.png\",\"contentUrl\":\"https:\\\/\\\/estatestudio.com\\\/wp-content\\\/uploads\\\/2022\\\/06\\\/header-blog-general-1920.png\"},{\"@type\":\"BreadcrumbList\",\"@id\":\"https:\\\/\\\/estatestudio.com\\\/fr\\\/blog\\\/#breadcrumb\",\"itemListElement\":[{\"@type\":\"ListItem\",\"position\":1,\"name\":\"Accueil\",\"item\":\"https:\\\/\\\/estatestudio.com\\\/fr\\\/\"},{\"@type\":\"ListItem\",\"position\":2,\"name\":\"Blog\"}]},{\"@type\":\"WebSite\",\"@id\":\"https:\\\/\\\/estatestudio.com\\\/fr\\\/#website\",\"url\":\"https:\\\/\\\/estatestudio.com\\\/fr\\\/\",\"name\":\"EstateStudio.com\",\"description\":\"Cr\u00e9er vos vid\u00e9os immobili\u00e8res en ligne\",\"publisher\":{\"@id\":\"https:\\\/\\\/estatestudio.com\\\/fr\\\/#organization\"},\"potentialAction\":[{\"@type\":\"SearchAction\",\"target\":{\"@type\":\"EntryPoint\",\"urlTemplate\":\"https:\\\/\\\/estatestudio.com\\\/fr\\\/?s={search_term_string}\"},\"query-input\":{\"@type\":\"PropertyValueSpecification\",\"valueRequired\":true,\"valueName\":\"search_term_string\"}}],\"inLanguage\":\"fr-FR\"},{\"@type\":\"Organization\",\"@id\":\"https:\\\/\\\/estatestudio.com\\\/fr\\\/#organization\",\"name\":\"EstateStudio.com\",\"url\":\"https:\\\/\\\/estatestudio.com\\\/fr\\\/\",\"logo\":{\"@type\":\"ImageObject\",\"inLanguage\":\"fr-FR\",\"@id\":\"https:\\\/\\\/estatestudio.com\\\/fr\\\/#\\\/schema\\\/logo\\\/image\\\/\",\"url\":\"https:\\\/\\\/estatestudio.com\\\/wp-content\\\/uploads\\\/2022\\\/06\\\/EstateStudio-1200.jpg\",\"contentUrl\":\"https:\\\/\\\/estatestudio.com\\\/wp-content\\\/uploads\\\/2022\\\/06\\\/EstateStudio-1200.jpg\",\"width\":1200,\"height\":624,\"caption\":\"EstateStudio.com\"},\"image\":{\"@id\":\"https:\\\/\\\/estatestudio.com\\\/fr\\\/#\\\/schema\\\/logo\\\/image\\\/\"},\"sameAs\":[\"https:\\\/\\\/www.facebook.com\\\/EstateStudiocom\",\"https:\\\/\\\/www.youtube.com\\\/channel\\\/UCcBwId4i8bRElU2sfx6EZPw\"]}]}<\/script>\n<!-- \/ Yoast SEO plugin. -->","yoast_head_json":{"title":"Blog - EstateStudio.com","robots":{"index":"index","follow":"follow","max-snippet":"max-snippet:-1","max-image-preview":"max-image-preview:large","max-video-preview":"max-video-preview:-1"},"canonical":"https:\/\/estatestudio.com\/fr\/blog\/","og_locale":"fr_FR","og_type":"article","og_title":"Blog - EstateStudio.com","og_url":"https:\/\/estatestudio.com\/fr\/blog\/","og_site_name":"EstateStudio.com","article_publisher":"https:\/\/www.facebook.com\/EstateStudiocom","article_modified_time":"2022-08-10T15:13:53+00:00","og_image":[{"url":"https:\/\/estatestudio.com\/wp-content\/uploads\/2022\/06\/header-blog-general-1920.png","type":"","width":"","height":""}],"twitter_card":"summary_large_image","twitter_misc":{"Dur\u00e9e de lecture estim\u00e9e":"3 minutes"},"schema":{"@context":"https:\/\/schema.org","@graph":[{"@type":"WebPage","@id":"https:\/\/estatestudio.com\/fr\/blog\/","url":"https:\/\/estatestudio.com\/fr\/blog\/","name":"Blog - EstateStudio.com","isPartOf":{"@id":"https:\/\/estatestudio.com\/fr\/#website"},"primaryImageOfPage":{"@id":"https:\/\/estatestudio.com\/fr\/blog\/#primaryimage"},"image":{"@id":"https:\/\/estatestudio.com\/fr\/blog\/#primaryimage"},"thumbnailUrl":"https:\/\/estatestudio.com\/wp-content\/uploads\/2022\/06\/header-blog-general-1920.png","datePublished":"2022-07-06T12:26:09+00:00","dateModified":"2022-08-10T15:13:53+00:00","breadcrumb":{"@id":"https:\/\/estatestudio.com\/fr\/blog\/#breadcrumb"},"inLanguage":"fr-FR","potentialAction":[{"@type":"ReadAction","target":["https:\/\/estatestudio.com\/fr\/blog\/"]}]},{"@type":"ImageObject","inLanguage":"fr-FR","@id":"https:\/\/estatestudio.com\/fr\/blog\/#primaryimage","url":"https:\/\/estatestudio.com\/wp-content\/uploads\/2022\/06\/header-blog-general-1920.png","contentUrl":"https:\/\/estatestudio.com\/wp-content\/uploads\/2022\/06\/header-blog-general-1920.png"},{"@type":"BreadcrumbList","@id":"https:\/\/estatestudio.com\/fr\/blog\/#breadcrumb","itemListElement":[{"@type":"ListItem","position":1,"name":"Accueil","item":"https:\/\/estatestudio.com\/fr\/"},{"@type":"ListItem","position":2,"name":"Blog"}]},{"@type":"WebSite","@id":"https:\/\/estatestudio.com\/fr\/#website","url":"https:\/\/estatestudio.com\/fr\/","name":"EstateStudio.com","description":"Cr\u00e9er vos vid\u00e9os immobili\u00e8res en ligne","publisher":{"@id":"https:\/\/estatestudio.com\/fr\/#organization"},"potentialAction":[{"@type":"SearchAction","target":{"@type":"EntryPoint","urlTemplate":"https:\/\/estatestudio.com\/fr\/?s={search_term_string}"},"query-input":{"@type":"PropertyValueSpecification","valueRequired":true,"valueName":"search_term_string"}}],"inLanguage":"fr-FR"},{"@type":"Organization","@id":"https:\/\/estatestudio.com\/fr\/#organization","name":"EstateStudio.com","url":"https:\/\/estatestudio.com\/fr\/","logo":{"@type":"ImageObject","inLanguage":"fr-FR","@id":"https:\/\/estatestudio.com\/fr\/#\/schema\/logo\/image\/","url":"https:\/\/estatestudio.com\/wp-content\/uploads\/2022\/06\/EstateStudio-1200.jpg","contentUrl":"https:\/\/estatestudio.com\/wp-content\/uploads\/2022\/06\/EstateStudio-1200.jpg","width":1200,"height":624,"caption":"EstateStudio.com"},"image":{"@id":"https:\/\/estatestudio.com\/fr\/#\/schema\/logo\/image\/"},"sameAs":["https:\/\/www.facebook.com\/EstateStudiocom","https:\/\/www.youtube.com\/channel\/UCcBwId4i8bRElU2sfx6EZPw"]}]}},"_links":{"self":[{"href":"https:\/\/estatestudio.com\/fr\/wp-json\/wp\/v2\/pages\/7579","targetHints":{"allow":["GET"]}}],"collection":[{"href":"https:\/\/estatestudio.com\/fr\/wp-json\/wp\/v2\/pages"}],"about":[{"href":"https:\/\/estatestudio.com\/fr\/wp-json\/wp\/v2\/types\/page"}],"author":[{"embeddable":true,"href":"https:\/\/estatestudio.com\/fr\/wp-json\/wp\/v2\/users\/1"}],"replies":[{"embeddable":true,"href":"https:\/\/estatestudio.com\/fr\/wp-json\/wp\/v2\/comments?post=7579"}],"version-history":[{"count":28,"href":"https:\/\/estatestudio.com\/fr\/wp-json\/wp\/v2\/pages\/7579\/revisions"}],"predecessor-version":[{"id":8581,"href":"https:\/\/estatestudio.com\/fr\/wp-json\/wp\/v2\/pages\/7579\/revisions\/8581"}],"wp:attachment":[{"href":"https:\/\/estatestudio.com\/fr\/wp-json\/wp\/v2\/media?parent=7579"}],"curies":[{"name":"wp","href":"https:\/\/api.w.org\/{rel}","templated":true}]}}